{"id":493,"date":"2021-09-08T18:26:24","date_gmt":"2021-09-08T16:26:24","guid":{"rendered":"https:\/\/www.sp11.gliwice.pl\/new\/?page_id=493"},"modified":"2026-03-24T22:18:40","modified_gmt":"2026-03-24T21:18:40","slug":"deklaracja-dostepnosci","status":"publish","type":"page","link":"https:\/\/www.sp11.gliwice.pl\/?page_id=493","title":{"rendered":"Deklaracja dost\u0119pno\u015bci"},"content":{"rendered":"\t\t<div data-elementor-type=\"wp-page\" data-elementor-id=\"493\" class=\"elementor elementor-493\">\n\t\t\t\t\t\t<section class=\"elementor-section elementor-top-section elementor-element elementor-element-6a722f26 elementor-section-boxed elementor-section-height-default elementor-section-height-default\" data-id=\"6a722f26\" data-element_type=\"section\" data-e-type=\"section\">\n\t\t\t\t\t\t<div class=\"elementor-container elementor-column-gap-default\">\n\t\t\t\t\t<div class=\"elementor-column elementor-col-100 elementor-top-column elementor-element elementor-element-125f77ef\" data-id=\"125f77ef\" data-element_type=\"column\" data-e-type=\"column\">\n\t\t\t<div class=\"elementor-widget-wrap elementor-element-populated\">\n\t\t\t\t\t\t<div class=\"elementor-element elementor-element-3488dcd2 elementor-widget elementor-widget-text-editor\" data-id=\"3488dcd2\" data-element_type=\"widget\" data-e-type=\"widget\" data-widget_type=\"text-editor.default\">\n\t\t\t\t<div class=\"elementor-widget-container\">\n\t\t\t\t\t\t\t\t\t<p><span style=\"color: #000000;\"><strong>Deklaracja dost\u0119pno\u015bci<\/strong><\/span><br \/><span style=\"color: #000000;\">Szko\u0142a Podstawowa nr 11 im. Hugona Ko\u0142\u0142\u0105taja w Gliwicach zobowi\u0105zuje si\u0119 zapewni\u0107 dost\u0119pno\u015b\u0107 swojej strony internetowej zgodnie z ustaw\u0105 z dnia 4 kwietnia 2019 r. o dost\u0119pno\u015bci cyfrowej stron internetowych i aplikacji mobilnych podmiot\u00f3w publicznych. O\u015bwiadczenie w sprawie dost\u0119pno\u015bci ma zastosowanie do strony internetowej Szko\u0142y Podstawowej nr 11 w Gliwicach <strong>https:\/\/www.sp11.gliwice.pl<\/strong><\/span><\/p><p><span style=\"color: #000000;\"><strong>Status pod wzgl\u0119dem zgodno\u015bci: <\/strong><\/span><\/p><p><span style=\"color: #000000;\">Strona internetowa jest cz\u0119\u015bciowo zgodna z ustaw\u0105 z dnia 4 kwietnia 2019 r. o dost\u0119pno\u015bci cyfrowej stron internetowych i aplikacji mobilnych podmiot\u00f3w publicznych z powodu niezgodno\u015bci lub w\u0142\u0105cze\u0144 wymienionych poni\u017cej:<\/span><\/p><h5><span style=\"color: #000000;\"><strong>Niezgodno\u015b\u0107 z\u00a0za\u0142\u0105cznikiem<\/strong><\/span><\/h5><div><ul><li><span style=\"color: #000000;\">dokumenty stanowi\u0105ce wydruki z\u00a0program\u00f3w zewn\u0119trznych,<\/span><\/li><li><span style=\"color: #000000;\">materia\u0142y filmowe nie\u00a0posiadaj\u0105 napis\u00f3w dla os\u00f3b nies\u0142ysz\u0105cych i\u00a0g\u0142uchych.<\/span><\/li><\/ul><\/div><h5><span style=\"color: #000000;\"><strong>Tre\u015bci nieobj\u0119te przepisami<\/strong><\/span><\/h5><div><ul><li><span style=\"color: #000000;\">dokumenty opublikowane przed\u00a0dniem 23\u00a0wrze\u015bnia 2018\u00a0r. nie\u00a0s\u0105\u00a0dost\u0119pne cyfrowo. Je\u015bli potrzebujesz, kt\u00f3rego\u015b z\u00a0nich w\u00a0formie dost\u0119pnej, skontaktuj si\u0119 z\u00a0nami i\u00a0wska\u017c, o\u00a0kt\u00f3ry\u00a0dokument chodzi.<\/span><\/li><li><span style=\"color: #000000;\">dokumenty przekazane do\u00a0publikacji przez podmioty zewn\u0119trzne, kt\u00f3rych dostosowanie do\u00a0wymaga\u0144 dost\u0119pno\u015bci cyfrowej wymaga modyfikacji, do\u00a0kt\u00f3rej nie jeste\u015bmy uprawnieni.<\/span><\/li><\/ul><\/div><p><span style=\"color: #000000;\"><strong>Dost\u0119pno\u015b\u0107 strony<\/strong><\/span><\/p><p><span style=\"color: #000000;\">Na stronie internetowej mo\u017cna korzysta\u0107 ze standardowych skr\u00f3t\u00f3w klawiaturowych.<\/span><\/p><p><span style=\"color: #000000;\">U\u017cytkownicy korzystaj\u0105cy wy\u0142\u0105cznie z klawiatury mog\u0105 porusza\u0107 si\u0119 po serwisie za pomoc\u0105 klawisza Tab + Enter.<\/span><\/p><ul><li><span style=\"color: #000000;\">Linki &#8211; tak\u017ce te prowadz\u0105ce do serwis\u00f3w zewn\u0119trznych \u2013 w zdecydowanej wi\u0119kszo\u015bci otwieraj\u0105 si\u0119 w nowej karcie. Dzi\u0119ki temu u\u017cytkownik ma pe\u0142n\u0105 kontrol\u0119 nad swoj\u0105 przegl\u0105dark\u0105.<\/span><\/li><li><span style=\"color: #000000;\">Zadbano o odpowiedni kontrast tekstu do t\u0142a. Dzi\u0119ki temu materia\u0142y osadzone na stronie s\u0105 czytelne tak\u017ce dla os\u00f3b s\u0142abiej widz\u0105cych.<\/span><\/li><li><span style=\"color: #000000;\">Osoby zamieszczaj\u0105ce teksty na stronie dok\u0142adaj\u0105 stara\u0144, aby by\u0142y one zrozumia\u0142e oraz formatowane w spos\u00f3b zgodny z zasadami dost\u0119pno\u015bci.<\/span><\/li><\/ul><p><span style=\"color: #000000;\"><strong>Przygotowanie o\u015bwiadczenia w sprawie dost\u0119pno\u015bci: <\/strong><\/span><\/p><p><span style=\"color: #000000;\">Niniejsze o\u015bwiadczenie sporz\u0105dzono dnia: 2025-03-06.<\/span><\/p><p><span style=\"color: #000000;\"><strong>Metoda przygotowania o\u015bwiadczenia: <\/strong><\/span><\/p><p><span style=\"color: #000000;\">Deklaracj\u0119 sporz\u0105dzono na podstawie samooceny przeprowadzonej przez podmiot publiczny.<\/span><\/p><p><span style=\"color: #000000;\"><strong>Informacje zwrotne i dane kontaktowe: <\/strong><\/span><\/p><p><span style=\"color: #000000;\">Wszystkie problemy z dost\u0119pno\u015bci\u0105 cyfrow\u0105 tej strony internetowej mo\u017cesz zg\u0142osi\u0107 do <span id=\"a11y-kontakt\">Szko\u0142a Podstawowa nr 11 im. Hugona Ko\u0142\u0142\u0105taja w Gliwicach<\/span> \u2014 mejlowo<\/span> <a id=\"a11y-email\" href=\"mailto:sekretariat@sp11.gliwice.eu\"><span style=\"color: #0000ff;\"><strong>sekretariat@sp11.gliwice.eu <\/strong><\/span><\/a><span style=\"color: #000000;\"> lub telefonicznie <a id=\"a11y-telefon\" style=\"color: #000000;\" href=\"tel:+4832 232 18 74\"><strong><span style=\"color: #0000ff;\">32 232 18 74<\/span><\/strong><\/a><strong><span style=\"color: #0000ff;\">.<\/span><\/strong><\/span><\/p><p><span style=\"color: #000000;\">Ka\u017cdy ma prawo wyst\u0105pi\u0107 z \u017c\u0105daniem zapewnienia dost\u0119pno\u015bci cyfrowej tej strony<\/span> <span style=\"color: #000000;\">internetowej lub jej element\u00f3w.<\/span><\/p><p><span style=\"color: #000000;\">Zg\u0142aszaj\u0105c takie \u017c\u0105danie podaj:<\/span><\/p><ul><li><span style=\"color: #000000;\">swoje imi\u0119 i nazwisko,<\/span><\/li><li><span style=\"color: #000000;\">swoje dane kontaktowe (np. numer telefonu, e-mail),<\/span><\/li><li><span style=\"color: #000000;\">dok\u0142adny adres strony internetowej, na kt\u00f3rej jest niedost\u0119pny cyfrowo element lub tre\u015b\u0107,<\/span><\/li><li><span style=\"color: #000000;\">opis na czym polega problem i jaki spos\u00f3b jego rozwi\u0105zania by\u0142by dla Ciebie najwygodniejszy.<\/span><\/li><\/ul><p><span style=\"color: #000000;\">Na Twoje zg\u0142oszenie odpowiemy najszybciej jak to mo\u017cliwe, nie p\u00f3\u017aniej ni\u017c w ci\u0105gu 7 dni od jego otrzymania.<\/span><\/p><p><span style=\"color: #000000;\">Je\u017celi ten termin b\u0119dzie dla nas zbyt kr\u00f3tki poinformujemy Ci\u0119 o tym. W tej informacji podamy nowy termin, do kt\u00f3rego poprawimy zg\u0142oszone przez Ciebie b\u0142\u0119dy lub przygotujemy informacje w alternatywny spos\u00f3b. Ten nowy termin nie b\u0119dzie d\u0142u\u017cszy ni\u017c 2 miesi\u0105ce.<\/span><\/p><p><span style=\"color: #000000;\">Je\u017celi nie b\u0119dziemy w stanie zapewni\u0107 dost\u0119pno\u015bci cyfrowej strony internetowej lub tre\u015bci, wskazanej w Twoim \u017c\u0105daniu, zaproponujemy Ci dost\u0119p do nich w alternatywny spos\u00f3b.<\/span><\/p><section id=\"a11y-procedura\"><h5><strong>Obs\u0142uga wniosk\u00f3w i skarg zwi\u0105zanych z dost\u0119pno\u015bci\u0105<\/strong><\/h5><p><span style=\"color: #000000;\">Je\u017celi w odpowiedzi na Tw\u00f3j wniosek o zapewnienie dost\u0119pno\u015bci cyfrowej, odm\u00f3wimy zapewnienia \u017c\u0105danej przez Ciebie dost\u0119pno\u015bci cyfrowej, a Ty nie zgadzasz si\u0119 z t\u0105 odmow\u0105, masz prawo z\u0142o\u017cy\u0107 skarg\u0119.<\/span><\/p><p><span style=\"color: #000000;\">Skarg\u0119 masz prawo z\u0142o\u017cy\u0107 tak\u017ce, je\u015bli nie zgadzasz si\u0119 na skorzystanie z alternatywnego sposobu dost\u0119pu, kt\u00f3ry zaproponowali\u015bmy Ci w odpowiedzi na Tw\u00f3j wniosek o zapewnienie dost\u0119pno\u015bci cyfrowej.<\/span><\/p><p><span style=\"color: #000000;\">Ewentualn\u0105 skarg\u0119 z\u0142\u00f3\u017c listownie lub mailem do kierownictwa naszej jednostki:<\/span><\/p><ul><li><span style=\"color: #000000;\">Dyrektor in\u017c. Wojciech Kijewski<\/span><\/li><li><span style=\"color: #000000;\">44-100, Gliwice ul. Pocztowa 31<\/span><\/li><li><span style=\"color: #000000;\">mejl: <\/span><span style=\"color: #0000ff;\"><a style=\"color: #0000ff;\" href=\"http:\/\/sp11.bip2.gliwice.eu\/sekretariat@sp11.gliwice.eu\"> sekretariat@sp11.gliwice.eu<\/a>.<\/span><\/li><\/ul><p><span style=\"color: #0000ff;\"><a style=\"color: #0000ff;\" href=\"https:\/\/www.gov.pl\/web\/gov\/zloz-wniosek-o-zapewnienie-dostepnosci-cyfrowej-strony-internetowej-lub-aplikacji-mobilnej\">Pomocne mog\u0105 by\u0107 informacje, kt\u00f3re mo\u017cna znale\u017a\u0107 na rz\u0105dowym portalu gov.pl<\/a>.<\/span><\/p><p><span style=\"color: #000000;\">Mo\u017cesz tak\u017ce poinformowa\u0107 o tej sytuacji <span style=\"color: #3366ff;\"><a style=\"color: #3366ff;\" href=\"https:\/\/bip.brpo.gov.pl\/\"> Rzecznika Praw Obywatelskich<\/a><\/span> i poprosi\u0107 o interwencj\u0119 w Twojej sprawie.<\/span><\/p><\/section><section id=\"a11y-architektura\"><h4><strong>Dost\u0119pno\u015b\u0107 architektoniczna<\/strong><\/h4><h5><strong>44-100 Gliwice, ul. Pocztowa 31<\/strong><\/h5><ul><li><span style=\"color: #000000;\">Osoby na w\u00f3zku nie maj\u0105 mo\u017cliwo\u015bci dostania si\u0119 na wszystkie kondygnacje budynku.<\/span><\/li><li><span style=\"color: #000000;\">Osoba na w\u00f3zku inwalidzkim mo\u017ce dosta\u0107 si\u0119 do budynku g\u0142\u00f3wnym wej\u015bciem do pomieszcze\u0144 znajduj\u0105cych si\u0119 na parterze.<\/span><\/li><li><span style=\"color: #000000;\">Drzwi i \u015bciany szklane oznaczone s\u0105 kontrastow\u0105 ta\u015bm\u0105.<\/span><\/li><li><span style=\"color: #000000;\">Schody wyposa\u017cone s\u0105 w por\u0119cze.<\/span><\/li><li><span style=\"color: #000000;\">Stopnie schod\u00f3w oznaczone s\u0105 kontrastowymi pasami.<\/span><\/li><li><span style=\"color: #000000;\">Szko\u0142a nie posiada windy.<\/span><\/li><li><span style=\"color: #000000;\">Toaleta dla os\u00f3b z niepe\u0142nosprawno\u015bciami znajduje si\u0119 na parterze budynku.<\/span><\/li><li><span style=\"color: #000000;\">Przed budynkiem znajduje si\u0119 parking przystosowany dla os\u00f3b z niepe\u0142nosprawno\u015bciami.<\/span><\/li><li><span style=\"color: #000000;\">W budynku nie ma tyflomap.<\/span><\/li><li><span style=\"color: #000000;\">Pomieszczenia w budynku nie s\u0105 oznaczone tabliczkami z wypuk\u0142ymi cyframi ani alfabetem brajla.<\/span><\/li><li><span style=\"color: #000000;\">Szko\u0142a nie stosuje w swoim budynku d\u017awi\u0119kowego systemu nawigacji dla os\u00f3b niewidomych.<\/span><\/li><li><span style=\"color: #000000;\">Do budynku i wszystkich jego pomieszcze\u0144 mo\u017cna wej\u015b\u0107 z psem asystuj\u0105cym i psem przewodnikiem.<\/span><\/li><\/ul><\/section><section id=\"a11y-komunikacja\"><h4><span style=\"color: #000000;\"><strong>Dost\u0119pno\u015b\u0107 komunikacyjno-informacyjna<\/strong><\/span><\/h4><p><span style=\"color: #000000;\">Do budynku szko\u0142y prowadzi g\u0142\u00f3wne wej\u015bcie znajduj\u0105ce si\u0119 od ulicy Pocztowej. Jest ono og\u00f3lnodost\u0119pne w godzinach pracy szko\u0142y. Ponadto do budynku szko\u0142y s\u0105 jeszcze cztery wej\u015bcia &#8211; jedno prowadz\u0105ce do pomieszcze\u0144 kuchni, drugie bezpo\u015brednio na sal\u0119 gimnastyczn\u0105, a dwa pozosta\u0142e wykorzystywane jako drogi ewakuacyjne. Osobami oddelegowanymi do udzielania informacji przy wej\u015bciu g\u0142\u00f3wnym s\u0105 pracownicy obs\u0142ugi. W sekretariacie szko\u0142y jest podgl\u0105d monitoringu obejmuj\u0105cy wej\u015bcie g\u0142\u00f3wne, teren wok\u00f3\u0142 szko\u0142y oraz korytarze przy salach lekcyjnych. W budynku na ka\u017cdym poziomie znajduje si\u0119 korytarz. Na jego pocz\u0105tku znajduje si\u0119 klatka schodowa. Drogi ewakuacyjne wewn\u0105trz budynku s\u0105 oznakowane.<br \/>Szko\u0142a nie posiada t\u0142umacza j\u0119zyka migowego.<br \/><\/span><\/p><\/section><h5><strong>Raporty o stanie zapewnienia dost\u0119pno\u015bci:<\/strong><\/h5><ul><li><a href=\"https:\/\/www.sp11.gliwice.pl\/wp-content\/uploads\/2025\/03\/SP11_raport-o-stanie-zapewniania-dostepnosci-podmiotu-publicznego-2021.pdf\"><span style=\"color: #0000ff;\">SP11_raport-o-stanie-zapewniania-dostepnosci-podmiotu-publicznego-2021<\/span><\/a><\/li><li><a href=\"https:\/\/www.sp11.gliwice.pl\/wp-content\/uploads\/2025\/03\/SP11_raport-o-stanie-zapewniania-dostepnosci-podmiotu-publicznego-2025.pdf\"><span style=\"color: #0000ff;\">SP11_raport-o-stanie-zapewniania-dostepnosci-podmiotu-publicznego-2025<\/span><\/a><\/li><\/ul><p><span style=\"color: #000000;\"><strong>Strona internetowa Rzecznika Praw Obywatelskich: <\/strong><\/span><\/p><p><span style=\"color: #000000;\"><a style=\"color: #000000;\" href=\"https:\/\/www.rpo.gov.pl\"><span style=\"color: #0000ff;\">https:\/\/www.rpo.gov.pl<\/span><\/a><\/span><\/p><p><span style=\"color: #000000;\"><strong> Informacje uzupe\u0142niaj\u0105ce: <\/strong><\/span><\/p><p><span style=\"color: #000000;\">Data publikacji strony internetowej: 2021 &#8211; 09 &#8211; 02<\/span><\/p><p><span style=\"color: #000000;\">Data ostatniej aktualizacji: 2026 &#8211; 03-24<\/span><\/p><p><span style=\"color: #000000;\">Termin przegl\u0105du i aktualizacji : 2027 &#8211; 03 &#8211; 31<\/span><\/p><p><span style=\"color: #000000;\"><strong>Dane teleadresowe podmiotu publicznego: <\/strong><\/span><\/p><p><span style=\"color: #000000;\"><strong>Adres<\/strong>: 44-100 Gliwice, ul. Pocztowa 31<\/span><\/p><p><span style=\"color: #000000;\"><strong> Tel<\/strong>.: 32 232 18 74<\/span><\/p><p><span style=\"color: #000000;\"><strong>\u00a0\u00a0\u00a0\u00a0\u00a0\u00a0\u00a0 <\/strong>32 231 91 15<\/span><\/p><p><span style=\"color: #000000;\"><strong> E-mail<\/strong>: <a style=\"color: #000000;\" href=\"mailto:sekretariat@sp11.gliwice.eu\"><span style=\"color: #0000ff;\"> sekretariat@sp11.gliwice.eu<\/span><\/a><\/span><\/p><p><span style=\"color: #000000;\"><strong> Strona internetowa<\/strong>: <a style=\"color: #000000;\" href=\"https:\/\/www.sp11.gliwice.pl\"><span style=\"color: #0000ff;\">www.sp11.gliwice.pl<\/span> <\/a><\/span><\/p>\t\t\t\t\t\t\t\t<\/div>\n\t\t\t\t<\/div>\n\t\t\t\t\t<\/div>\n\t\t<\/div>\n\t\t\t\t\t<\/div>\n\t\t<\/section>\n\t\t\t\t<\/div>\n\t\t","protected":false},"excerpt":{"rendered":"<p>Deklaracja dost\u0119pno\u015bciSzko\u0142a Podstawowa nr 11 im. Hugona Ko\u0142\u0142\u0105taja w Gliwicach zobowi\u0105zuje si\u0119 zapewni\u0107 dost\u0119pno\u015b\u0107 swojej strony internetowej zgodnie z ustaw\u0105 z dnia 4 kwietnia 2019 [&hellip;]<\/p>\n","protected":false},"author":2,"featured_media":0,"parent":0,"menu_order":0,"comment_status":"closed","ping_status":"closed","template":"","meta":{"ngg_post_thumbnail":0,"footnotes":""},"class_list":["post-493","page","type-page","status-publish","hentry"],"_links":{"self":[{"href":"https:\/\/www.sp11.gliwice.pl\/index.php?rest_route=\/wp\/v2\/pages\/493","targetHints":{"allow":["GET"]}}],"collection":[{"href":"https:\/\/www.sp11.gliwice.pl\/index.php?rest_route=\/wp\/v2\/pages"}],"about":[{"href":"https:\/\/www.sp11.gliwice.pl\/index.php?rest_route=\/wp\/v2\/types\/page"}],"author":[{"embeddable":true,"href":"https:\/\/www.sp11.gliwice.pl\/index.php?rest_route=\/wp\/v2\/users\/2"}],"replies":[{"embeddable":true,"href":"https:\/\/www.sp11.gliwice.pl\/index.php?rest_route=%2Fwp%2Fv2%2Fcomments&post=493"}],"version-history":[{"count":32,"href":"https:\/\/www.sp11.gliwice.pl\/index.php?rest_route=\/wp\/v2\/pages\/493\/revisions"}],"predecessor-version":[{"id":18622,"href":"https:\/\/www.sp11.gliwice.pl\/index.php?rest_route=\/wp\/v2\/pages\/493\/revisions\/18622"}],"wp:attachment":[{"href":"https:\/\/www.sp11.gliwice.pl\/index.php?rest_route=%2Fwp%2Fv2%2Fmedia&parent=493"}],"curies":[{"name":"wp","href":"https:\/\/api.w.org\/{rel}","templated":true}]}}