{"id":279,"date":"2021-09-04T16:18:59","date_gmt":"2021-09-04T14:18:59","guid":{"rendered":"https:\/\/www.sp11.gliwice.pl\/new\/?page_id=279"},"modified":"2022-10-03T20:42:27","modified_gmt":"2022-10-03T18:42:27","slug":"organy","status":"publish","type":"page","link":"https:\/\/www.sp11.gliwice.pl\/?page_id=279","title":{"rendered":"Organy"},"content":{"rendered":"\t\t<div data-elementor-type=\"wp-page\" data-elementor-id=\"279\" class=\"elementor elementor-279\">\n\t\t\t\t\t\t<section class=\"elementor-section elementor-top-section elementor-element elementor-element-7a7877b5 elementor-section-boxed elementor-section-height-default elementor-section-height-default\" data-id=\"7a7877b5\" data-element_type=\"section\" data-e-type=\"section\">\n\t\t\t\t\t\t<div class=\"elementor-container elementor-column-gap-default\">\n\t\t\t\t\t<div class=\"elementor-column elementor-col-100 elementor-top-column elementor-element elementor-element-7f815512\" data-id=\"7f815512\" data-element_type=\"column\" data-e-type=\"column\">\n\t\t\t<div class=\"elementor-widget-wrap elementor-element-populated\">\n\t\t\t\t\t\t<div class=\"elementor-element elementor-element-aaa894c elementor-widget elementor-widget-text-editor\" data-id=\"aaa894c\" data-element_type=\"widget\" data-e-type=\"widget\" data-widget_type=\"text-editor.default\">\n\t\t\t\t<div class=\"elementor-widget-container\">\n\t\t\t\t\t\t\t\t\t<p><strong><span style=\"color: #000000;\">Sk\u0142ad\u00a0Rady\u00a0Uczni\u00f3w:<\/span><\/strong><\/p><p><span style=\"color: #000000;\">Przewodnicz\u0105ca &#8211; &#8230;<\/span><br \/><span style=\"color: #000000;\">Z-ca przewodnicz\u0105cej &#8211; &#8230;<\/span><br \/><span style=\"color: #000000;\">Skarbnik &#8211; &#8230;<\/span><\/p><p><strong><span style=\"color: #000000;\">Sk\u0142ad\u00a0Rady\u00a0Rodzic\u00f3w:<\/span><\/strong><\/p><p><span style=\"color: #000000;\">Przewodnicz\u0105ca\u00a0&#8211;\u00a0Pani\u00a0Joanna\u00a0Wojdyna<\/span><br \/><span style=\"color: #000000;\">Z-ca przewodnicz\u0105cej &#8211; Pan Marcin Grabiec<\/span><br \/><span style=\"color: #000000;\">Skarbnik\u00a0&#8211;\u00a0Pani\u00a0Katarzyna\u00a0Grodzka<\/span><\/p><p><span style=\"color: #000000;\">Komisja rewizyjna:<br \/>&#8211; Pani Anna Urba\u0144czyk<br \/>&#8211; Pani Sonia Pyka<br \/><\/span><\/p><p><strong><a href=\"https:\/\/www.facebook.com\/profile.php?id=100085289779702\">strona na fb<\/a><\/strong><\/p>\t\t\t\t\t\t\t\t<\/div>\n\t\t\t\t<\/div>\n\t\t\t\t\t<\/div>\n\t\t<\/div>\n\t\t\t\t\t<\/div>\n\t\t<\/section>\n\t\t\t\t<section class=\"elementor-section elementor-top-section elementor-element elementor-element-6abe0634 elementor-section-boxed elementor-section-height-default elementor-section-height-default\" data-id=\"6abe0634\" data-element_type=\"section\" data-e-type=\"section\">\n\t\t\t\t\t\t<div class=\"elementor-container elementor-column-gap-default\">\n\t\t\t\t\t<div class=\"elementor-column elementor-col-33 elementor-top-column elementor-element elementor-element-3d13409d\" data-id=\"3d13409d\" data-element_type=\"column\" data-e-type=\"column\">\n\t\t\t<div class=\"elementor-widget-wrap elementor-element-populated\">\n\t\t\t\t\t\t<div class=\"elementor-element elementor-element-1ca79d28 elementor-widget elementor-widget-button\" data-id=\"1ca79d28\" data-element_type=\"widget\" data-e-type=\"widget\" data-widget_type=\"button.default\">\n\t\t\t\t<div class=\"elementor-widget-container\">\n\t\t\t\t\t\t\t\t\t<div class=\"elementor-button-wrapper\">\n\t\t\t\t\t<a class=\"elementor-button elementor-button-link elementor-size-sm\" href=\"https:\/\/www.sp11.gliwice.pl\/?page_id=148\">\n\t\t\t\t\t\t<span class=\"elementor-button-content-wrapper\">\n\t\t\t\t\t\t\t\t\t<span class=\"elementor-button-text\">Powr\u00f3t<\/span>\n\t\t\t\t\t<\/span>\n\t\t\t\t\t<\/a>\n\t\t\t\t<\/div>\n\t\t\t\t\t\t\t\t<\/div>\n\t\t\t\t<\/div>\n\t\t\t\t\t<\/div>\n\t\t<\/div>\n\t\t\t\t<div class=\"elementor-column elementor-col-33 elementor-top-column elementor-element elementor-element-6bd6e33c\" data-id=\"6bd6e33c\" data-element_type=\"column\" data-e-type=\"column\">\n\t\t\t<div class=\"elementor-widget-wrap\">\n\t\t\t\t\t\t\t<\/div>\n\t\t<\/div>\n\t\t\t\t<div class=\"elementor-column elementor-col-33 elementor-top-column elementor-element elementor-element-23e37020\" data-id=\"23e37020\" data-element_type=\"column\" data-e-type=\"column\">\n\t\t\t<div class=\"elementor-widget-wrap\">\n\t\t\t\t\t\t\t<\/div>\n\t\t<\/div>\n\t\t\t\t\t<\/div>\n\t\t<\/section>\n\t\t\t\t<\/div>\n\t\t","protected":false},"excerpt":{"rendered":"<p>Sk\u0142ad\u00a0Rady\u00a0Uczni\u00f3w: Przewodnicz\u0105ca &#8211; &#8230;Z-ca przewodnicz\u0105cej &#8211; &#8230;Skarbnik &#8211; &#8230; Sk\u0142ad\u00a0Rady\u00a0Rodzic\u00f3w: Przewodnicz\u0105ca\u00a0&#8211;\u00a0Pani\u00a0Joanna\u00a0WojdynaZ-ca przewodnicz\u0105cej &#8211; Pan Marcin GrabiecSkarbnik\u00a0&#8211;\u00a0Pani\u00a0Katarzyna\u00a0Grodzka Komisja rewizyjna:&#8211; Pani Anna Urba\u0144czyk&#8211; Pani Sonia Pyka strona [&hellip;]<\/p>\n","protected":false},"author":2,"featured_media":0,"parent":0,"menu_order":0,"comment_status":"closed","ping_status":"closed","template":"","meta":{"ngg_post_thumbnail":0,"footnotes":""},"class_list":["post-279","page","type-page","status-publish","hentry"],"_links":{"self":[{"href":"https:\/\/www.sp11.gliwice.pl\/index.php?rest_route=\/wp\/v2\/pages\/279","targetHints":{"allow":["GET"]}}],"collection":[{"href":"https:\/\/www.sp11.gliwice.pl\/index.php?rest_route=\/wp\/v2\/pages"}],"about":[{"href":"https:\/\/www.sp11.gliwice.pl\/index.php?rest_route=\/wp\/v2\/types\/page"}],"author":[{"embeddable":true,"href":"https:\/\/www.sp11.gliwice.pl\/index.php?rest_route=\/wp\/v2\/users\/2"}],"replies":[{"embeddable":true,"href":"https:\/\/www.sp11.gliwice.pl\/index.php?rest_route=%2Fwp%2Fv2%2Fcomments&post=279"}],"version-history":[{"count":19,"href":"https:\/\/www.sp11.gliwice.pl\/index.php?rest_route=\/wp\/v2\/pages\/279\/revisions"}],"predecessor-version":[{"id":5057,"href":"https:\/\/www.sp11.gliwice.pl\/index.php?rest_route=\/wp\/v2\/pages\/279\/revisions\/5057"}],"wp:attachment":[{"href":"https:\/\/www.sp11.gliwice.pl\/index.php?rest_route=%2Fwp%2Fv2%2Fmedia&parent=279"}],"curies":[{"name":"wp","href":"https:\/\/api.w.org\/{rel}","templated":true}]}}