{"id":261,"date":"2021-09-04T15:58:10","date_gmt":"2021-09-04T13:58:10","guid":{"rendered":"https:\/\/www.sp11.gliwice.pl\/new\/?page_id=261"},"modified":"2025-10-12T20:16:35","modified_gmt":"2025-10-12T18:16:35","slug":"grono-nauczycielskie","status":"publish","type":"page","link":"https:\/\/www.sp11.gliwice.pl\/?page_id=261","title":{"rendered":"Grono nauczycielskie"},"content":{"rendered":"<p><strong><span style=\"color: #000000;\">Grono Pedagogiczne w roku szkolnym 2025\/2026<\/span><\/strong><\/p>\n<ol>\n<li><span style=\"color: #000080;\">mgr Beata Bodnar &#8211; wicedyrektor, nauczyciel informatyki<\/span><\/li>\n<li><span style=\"color: #000080;\">lic. Joanna Aleksander &#8211; nauczyciel przedszkola, wychowawca \u015bwietlicy<\/span><\/li>\n<li><span style=\"color: #000080;\">mgr Katarzyna Bober &#8211; psycholog szkolny<\/span><\/li>\n<li><span style=\"color: #000080;\">mgr Alicja Cielesta &#8211; nauczyciel &#8211; j.angielski klasy 4 \u2013 8, wsp\u00f3\u0142organizowanie kszta\u0142cenia<br \/>\n<\/span><\/li>\n<li><span style=\"color: #000080;\">mgr Natalia Drapa &#8211; nauczyciel &#8211; edukacja wczesnoszkolna &#8211; klasa 2b, <\/span><span style=\"color: #000080;\">rewalidacja<\/span><\/li>\n<li><span style=\"color: #000080;\">mgr Artur Florczyk &#8211; nauczyciel \u2013 EDB<\/span><\/li>\n<li><span style=\"color: #000080;\">mgr Magdalena Ga\u0142a &#8211; nauczyciel &#8211; edukacja wczesnoszkolna &#8211; klasa 2a<\/span><\/li>\n<li><span style=\"color: #333399;\">mgr Joanna Harasim &#8211; nauczyciel&nbsp; j.niemiecki, j\u0119zyk mniejszo\u015bci narodowej &#8211; niemiecki<\/span><\/li>\n<li><span style=\"color: #333399;\">mgr Maciej Haupa &#8211; nauczyciel WF, wsp\u00f3\u0142organizowanie kszta\u0142cenia<\/span><\/li>\n<li><span style=\"color: #000080;\">mgr Natalia Jarocka &#8211; nauczyciel przedszkola&nbsp;<\/span><\/li>\n<li><span style=\"color: #000080;\">mgr Izabella Jureczko -nauczyciel &#8211;&nbsp; j.polski, zdw, ko\u0142o polonistyczne,<\/span><\/li>\n<li><span style=\"color: #333399;\">mgr Karolina Kami\u0144ska&nbsp; &#8211; nauczyciel &#8211; j.angielski<\/span><\/li>\n<li><span style=\"color: #000080;\">mgr Dariusz Kobylarz &#8211; nauczyciel -wsp\u00f3\u0142organizowanie kszta\u0142cenia, WOS, \u015bwietlica<\/span><\/li>\n<li><span style=\"color: #333399;\">mgr Natalia Kr\u00f3l &#8211; nauczyciel j. mniejszo\u015bci narodowej &#8211; niemieckiego<\/span><\/li>\n<li><span style=\"color: #000080;\">mgr Krzysztof Kupiec &#8211; wsp\u00f3\u0142organizowanie kszta\u0142cenia, historia<\/span><\/li>\n<li><span style=\"color: #000080;\">mgr Jolanta Lisowska &#8211; nauczyciel -edukacja wczesnoszkolna \u2013 klasa 1a, zdw, k\u00f3\u0142ko plastyczne,<\/span><\/li>\n<li><span style=\"color: #000080;\">mgr Joanna Magiera &#8211; pedagog, terapeuta zkk, doradztwo zawodowe<\/span><\/li>\n<li><span style=\"color: #000080;\">mgr Monika Magiera &#8211; wychowawca \u015bwietlicy<\/span><\/li>\n<li><span style=\"color: #000080;\">mgr Marta Meossi &#8211; nauczyciel przedszkola<\/span><\/li>\n<li><span style=\"color: #000080;\">mgr Katarzyna Ogaza &#8211; nauczyciel WF,sks<\/span><\/li>\n<li><span style=\"color: #000080;\">mgr Monika Papaj &#8211; wsp\u00f3\u0142organizowanie kszta\u0142cenia<\/span><\/li>\n<li><span style=\"color: #000080;\">mgr Ma\u0142gorzata Pawe\u0142ek &#8211; nauczyciel &#8211; j. niemiecki, j. mniejszo\u015bci narodowej \u2013 niemiecki<\/span><\/li>\n<li><span style=\"color: #000080;\">mgr Cecylia Pierzcha\u0142a &#8211; nauczyciel przedszkola &#8211; oddzia\u0142 Je\u017cyki<\/span><\/li>\n<li><span style=\"color: #000080;\">mgr Katarzyna P\u0142onka &#8211; nauczyciel przedszkola &#8211; oddzia\u0142 \u017babki<\/span><\/li>\n<li><span style=\"color: #000080;\">mgr Aneta Rybowicz &#8211; nauczyciel &#8211; muzyka, plastyka, wsp\u00f3\u0142organizowanie kszta\u0142cenia<\/span><\/li>\n<li><span style=\"color: #000080;\">mgr Joanna Schmidt &#8211; nauczyciel \u2013 religia<\/span><\/li>\n<li><span style=\"color: #000080;\">mgr Rafa\u0142 Simon &#8211; nauczyciel \u2013 biologia<\/span><\/li>\n<li><span style=\"color: #000080;\">mgr in\u017c. Urszula Skubacz &#8211; nauczyciel &#8211; matematyka, zdw, ko\u0142o matematyczne<\/span><\/li>\n<li><span style=\"color: #000080;\">mgr Anna Szaradowska &#8211; nauczyciel &#8211; edukacja wczesnoszkolna&nbsp;<\/span><\/li>\n<li><span style=\"color: #000080;\">mgr Gra\u017cyna Szel\u0105g &#8211; Biblioteka, logopedia, \u015bwietlica<\/span><\/li>\n<li><span style=\"color: #000080;\">mgr Jolanta Szuper &#8211; nauczyciel \u2013 geografia, przyroda<\/span><\/li>\n<li><span style=\"color: #000080;\">mgr Katarzyna Szyd\u0142o &#8211; nauczyciel przedszkola &#8211; oddzia\u0142 Misie<\/span><\/li>\n<li><span style=\"color: #000080;\">mgr Ma\u0142gorzata Szymkiewicz &#8211; nauczyciel \u2013 chemia<\/span><\/li>\n<li><span style=\"color: #000080;\">mgr Celina Trzeszkowska &#8211; nauczyciel &#8211; edukacja wczesnoszkolna \u2013 klasa 3a, k\u00f3\u0142ko muzyczno \u2013 taneczne<\/span><\/li>\n<li><span style=\"color: #000080;\">mgr Mariola Twardowska &#8211; wsp\u00f3\u0142organizowanie kszta\u0142cenia<\/span><\/li>\n<li><span style=\"color: #000080;\">mgr Beata Wierzbicka &#8211; nauczyciel \u2013 fizyka<\/span><\/li>\n<li><span style=\"color: #000080;\">dr Emilia Wilk &#8211; Krzy\u017cowska &#8211; nauczyciel &#8211; j.polski, \u015bwietlica,<\/span><\/li>\n<li><span style=\"color: #000080;\">mgr Leszek Zaj\u0105c &#8211; nauczyciel \u2013 technika, informatyka<br \/>\n<\/span><\/li>\n<li><span style=\"color: #333399;\">mgr Anna Zawrot &#8211; nauczyciel przedszkola<\/span><\/li>\n<li><span style=\"color: #000080;\">mgr Agnieszka Zwoli\u0144ska &#8211; wsp\u00f3\u0142organizowanie kszta\u0142cenia, pedagog specjalny, rewalidacja<\/span><\/li>\n<\/ol>\n<p><a role=\"button\" href=\"https:\/\/www.sp11.gliwice.pl\/?page_id=148\"><br \/>\nPowr\u00f3t<br \/>\n<\/a><\/p>\n","protected":false},"excerpt":{"rendered":"<p>Grono Pedagogiczne w roku szkolnym 2025\/2026 mgr Beata Bodnar &#8211; wicedyrektor, nauczyciel informatyki lic. Joanna Aleksander &#8211; nauczyciel przedszkola, wychowawca \u015bwietlicy mgr Katarzyna Bober &#8211; [&hellip;]<\/p>\n","protected":false},"author":2,"featured_media":0,"parent":0,"menu_order":0,"comment_status":"closed","ping_status":"closed","template":"","meta":{"ngg_post_thumbnail":0,"footnotes":""},"class_list":["post-261","page","type-page","status-publish","hentry"],"_links":{"self":[{"href":"https:\/\/www.sp11.gliwice.pl\/index.php?rest_route=\/wp\/v2\/pages\/261","targetHints":{"allow":["GET"]}}],"collection":[{"href":"https:\/\/www.sp11.gliwice.pl\/index.php?rest_route=\/wp\/v2\/pages"}],"about":[{"href":"https:\/\/www.sp11.gliwice.pl\/index.php?rest_route=\/wp\/v2\/types\/page"}],"author":[{"embeddable":true,"href":"https:\/\/www.sp11.gliwice.pl\/index.php?rest_route=\/wp\/v2\/users\/2"}],"replies":[{"embeddable":true,"href":"https:\/\/www.sp11.gliwice.pl\/index.php?rest_route=%2Fwp%2Fv2%2Fcomments&post=261"}],"version-history":[{"count":39,"href":"https:\/\/www.sp11.gliwice.pl\/index.php?rest_route=\/wp\/v2\/pages\/261\/revisions"}],"predecessor-version":[{"id":17353,"href":"https:\/\/www.sp11.gliwice.pl\/index.php?rest_route=\/wp\/v2\/pages\/261\/revisions\/17353"}],"wp:attachment":[{"href":"https:\/\/www.sp11.gliwice.pl\/index.php?rest_route=%2Fwp%2Fv2%2Fmedia&parent=261"}],"curies":[{"name":"wp","href":"https:\/\/api.w.org\/{rel}","templated":true}]}}