{"id":155,"date":"2021-09-02T15:40:14","date_gmt":"2021-09-02T13:40:14","guid":{"rendered":"https:\/\/www.sp11.gliwice.pl\/new\/?page_id=155"},"modified":"2026-03-05T11:35:56","modified_gmt":"2026-03-05T10:35:56","slug":"wazne-informacje","status":"publish","type":"page","link":"https:\/\/www.sp11.gliwice.pl\/?page_id=155","title":{"rendered":"Wa\u017cne informacje"},"content":{"rendered":"<p><span style=\"color: #008000;\"><strong>Rekrutacja<\/strong> do publicznych przedszkoli i oddzia\u0142\u00f3w przedszkolnych w szko\u0142ach podstawowych rozpocznie si\u0119 <strong><span style=\"color: #ff0000;\">18 marca 2026 r. (godz. 9:00<\/span>)<\/strong>.<\/span><\/p>\n<p><span style=\"color: #008000;\">R\u00f3wnie\u017c 18 marca 2026 r. zostanie uruchomiony <u>elektroniczny system rekrutacji<\/u>. <a href=\"https:\/\/rekrutacje-gliwice.pzo.edu.pl\/switcher-public\/\" target=\"_blank\" rel=\"noopener\"><span style=\"color: #0000ff;\"><em>link do rekrutacji<\/em><\/span><\/a><\/span><\/p>\n<p><span style=\"color: #008000;\">Szczeg\u00f3\u0142owe zasady rekrutacji oraz wniosek zostan\u0105 zamieszczone w elektronicznym systemie rekrutacji.&nbsp;<\/span><\/p>\n<p><a href=\"https:\/\/edukacja.gliwice.eu\/rekrutacja\/przedszkola\" target=\"_blank\" rel=\"noopener\"><span style=\"color: #0000ff;\">wi\u0119cej informacji&nbsp;<\/span><\/a><\/p>\n<p>________________<\/p>\n<h5><span style=\"color: #000000;\">Rodzic\u00f3w deklaruj\u0105cych <strong>kontynuacj\u0119<\/strong> ucz\u0119szczania dzieci do naszego <strong>przedszkola<\/strong> prosimy o z\u0142o\u017cenie do <span style=\"color: #ff0000;\"><strong>6 marca 2026 r<\/strong><\/span>. w sekretariacie DEKLARACJI&nbsp;<\/span><\/h5>\n<p><a href=\"https:\/\/www.sp11.gliwice.pl\/wp-content\/uploads\/2026\/02\/karta-kontynuacji-do-oddzialow-przedszkolnych-2026_2027.doc\" target=\"_blank\" rel=\"noopener\"><span style=\"color: #0000ff;\">karta kontynuacji do oddzia\u0142\u00f3w przedszkolnych 2026_2027 -doc<\/span><\/a><\/p>\n<p><span style=\"color: #0000ff;\"><a style=\"color: #0000ff;\" href=\"https:\/\/www.sp11.gliwice.pl\/wp-content\/uploads\/2026\/02\/karta-kontynuacji-do-oddzialow-przedszkolnych-2026_2027.pdf\" target=\"_blank\" rel=\"noopener\">karta kontynuacji do oddzia\u0142\u00f3w przedszkolnych 2026_2027<\/a> &#8211; pdf<\/span><\/p>\n<h4>____________________________________________________________________<\/h4>\n<h4>Rodzic\u00f3w deklaruj\u0105cych <strong>kontynuacj\u0119<\/strong> nauki dzieci z naszego <strong>przedszkola<\/strong> do <strong>I klasy&nbsp; SP11<\/strong><\/h4>\n<h4>jak r\u00f3wnie\u017c dzieci zamieszkuj\u0105ce w naszym rejonie- prosimy o z\u0142o\u017cenie do <span style=\"color: #ff0000;\"><strong>31 marca 2026 r<\/strong><\/span>. w sekretariacie DEKLARACJI&nbsp;<\/h4>\n<p><span style=\"color: #3366ff;\"><a style=\"color: #3366ff;\" href=\"https:\/\/www.sp11.gliwice.pl\/wp-content\/uploads\/2026\/02\/karta-zapisu-ucznia-KLASA-I_2026.docx\" target=\"_blank\" rel=\"noopener\">karta zapisu ucznia -KLASA I_2026 &#8211; doc<\/a><\/span><\/p>\n<p><span style=\"color: #0000ff;\"><a style=\"color: #0000ff;\" href=\"https:\/\/www.sp11.gliwice.pl\/wp-content\/uploads\/2026\/02\/karta-zapisu-ucznia-klasa-1-2026_2027.pdf\" target=\"_blank\" rel=\"noopener\">karta zapisu ucznia &#8211; klasa 1-2026_2027<\/a> &#8211; pdf<\/span><\/p>\n<p>&nbsp;<\/p>\n<div>\n<p><span style=\"color: #000000;\"><strong>Wnioski o:<\/strong><\/span><\/p>\n<ul>\n<li><span style=\"color: #000000;\">obj\u0119cie dziecka od 1 wrze\u015bnia 2026 r. nauk\u0105 nauk\u0105 j\u0119zyka mniejszo\u015bci narodowej &#8211; niemieckiego<\/span><\/li>\n<\/ul>\n<ul>\n<li><span style=\"color: #000000;\">rezygnacji z dniem 1 wrze\u015bnia 2026 r. z nauki j\u0119zyka mniejszo\u015bci narodowej &#8211; niemieckiego<\/span><\/li>\n<\/ul>\n<p><strong><span style=\"color: #000000;\">sk\u0142adamy do <span style=\"color: #ff0000;\">31 marca 2026 r.<\/span><\/span> <\/strong><\/p>\n<p><span style=\"color: #3366ff;\"><a style=\"color: #3366ff;\" href=\"https:\/\/www.sp11.gliwice.pl\/wp-content\/uploads\/2026\/02\/Wniosek-o-objecie-dziecka-nauka-jezyka-mniejszosci-narodowej-j.niemiecki.pdf\" target=\"_blank\" rel=\"noopener\">&#8211; Wniosek-o-objecie-dziecka-nauka-jezyka-mniejszos\u0301ci-narodowej-j.niemiecki<\/a><\/span><\/p>\n<p><span style=\"color: #3366ff;\"><a style=\"color: #3366ff;\" href=\"https:\/\/www.sp11.gliwice.pl\/wp-content\/uploads\/2026\/02\/OSWIADCZENIE_O_REZYGNACJI_Z_OBJECIA_DZIECKA_UCZNIA_NAUKA_JEZYKA_MNIEJSZOSCI_NARODOWEJ_NAUKA_JEZYKA_MNIEJSZOSCI_ETNICZNEJ_NAUKA_JEZYKA_REGIONALNEGO_ORAZ_NAUKA_WLASNEJ_HISTORII_I_KULTURY.pdf\" target=\"_blank\" rel=\"noopener\">-OSWIADCZENIE_O_REZYGNACJI_Z_OBJECIA_DZIECKA_UCZNIA_NAUKA_JEZYKA_MNIEJSZOS\u0301CI_NARODOWEJ<\/a><\/span><\/p>\n<\/div>\n<h4>____________________________________________________________________<\/h4>\n<h4><strong><u><span style=\"color: #ff0000;\">Wyprawka dla ucznia klasy 1:&nbsp;<\/span> <\/u><\/strong><\/h4>\n<p><span style=\"color: #000000;\">&nbsp;Pi\u00f3rnik a w nim :<\/span><\/p>\n<ul>\n<li><span style=\"color: #000000;\">temper\u00f3wka<\/span><\/li>\n<li><span style=\"color: #000000;\">linijka<\/span><\/li>\n<li><span style=\"color: #000000;\"><strong>2 o\u0142\u00f3wki mi\u0119kkie<\/strong>, o twardo\u015bci HB lub B.<\/span><\/li>\n<\/ul>\n<p><span style=\"color: #000000;\">&nbsp;Ze wzgl\u0119du na wygod\u0119 trzymania o\u0142\u00f3wka polecam takie o tr\u00f3jk\u0105tnym lub grubym przekroju.<\/span><\/p>\n<ul>\n<li><span style=\"color: #000000;\">mi\u0119kka gumka<\/span><\/li>\n<li><span style=\"color: #000000;\"><strong>klej<\/strong>, najlepiej w sztyfcie oraz&nbsp; do bardziej skomplikowanych prac plastycznych klej introligatorski<\/span><\/li>\n<li><span style=\"color: #000000;\"><strong>no\u017cyczki dobrze tn\u0105ce <\/strong><\/span><\/li>\n<li><span style=\"color: #000000;\">papier kolorowy<\/span><\/li>\n<li><span style=\"color: #000000;\">plastelina, (<\/span><span style=\"color: #000000;\">bierz plastelin\u0119, kt\u00f3ra nie brudzi r\u0105k i jest \u0142atwa do modelowania. Polecamy wysokiej jako\u015bci bezpieczne dla zdrowia plasteliny marek ASTRA, Bambino.<\/span><\/li>\n<\/ul>\n<ul>\n<li><span style=\"color: #000000;\">farby \u2013 plakat\u00f3wki<\/span><\/li>\n<li><span style=\"color: #000000;\">p\u0119dzle cienki , gruby<\/span><\/li>\n<li><span style=\"color: #000000;\">kredki o\u0142\u00f3wkowe \u2013 klasyczne kredki w drewnianej oprawie. Polecamy kredki o tr\u00f3jk\u0105tnym przekroju, u\u0142atwiaj\u0105ce uchwyt, grube kredki Jumbo dla dzieci oraz kredki dwustronne, kt\u00f3re daj\u0105 wi\u0119cej kolor\u00f3w przy takiej samej ilo\u015bci kredek. Kredki o\u0142\u00f3wkowe wyrabiaj\u0105 nawyk prawid\u0142owego trzymania narz\u0119dzia. Ucz\u0105 precyzji podczas kolorowania i rysowania.<\/span><\/li>\n<li><span style=\"color: #000000;\">pi\u00f3ro, (nie u\u017cywamy d\u0142ugopis\u00f3w , a pi\u00f3ro b\u0119dzie potrzebne dopiero po paru miesi\u0105cach )<\/span><\/li>\n<li><span style=\"color: #000000;\">str\u00f3j gimnastyczny &nbsp;(najlepiej bia\u0142y podkoszulek i ciemne spodenki),<\/span><\/li>\n<li><span style=\"color: #000000;\">obuwie sportowe, zmienne<\/span><\/li>\n<li><span style=\"color: #000000;\">worek na rzeczy do w-f<\/span><\/li>\n<li><span style=\"color: #000000;\">Zeszyty A5 16-kartkowe &nbsp;w cienkie linie i w kratk\u0119<\/span><\/li>\n<li><span style=\"color: #000000;\">zeszyt formatu A4 na zeszyt lektur<\/span><\/li>\n<li><span style=\"color: #000000;\">mazaki<\/span><\/li>\n<\/ul>\n<p><span style=\"color: #000000;\">Wszystkie te rzeczy przynosimy drugiego dnia szko\u0142y podpisane do klasy, gdzie zostan\u0105 schowane do szuflad<\/span><\/p>\n<h4>______________________________________________________________________<\/h4>\n<p><span style=\"color: #ff6600;\"><strong>ZEBRANIA z RODZICAMI&nbsp; &#8211; 3 wrze\u015bnia 2025<\/strong> <\/span><\/p>\n<p><span style=\"color: #339966;\"><strong>16.30 \u2013 przedszkole <\/strong><\/span><\/p>\n<p><span style=\"color: #3366ff;\"><strong>16.00 \u2013 kl.1-3<\/strong><\/span><\/p>\n<p><span style=\"color: #808000;\"><strong>17.00 \u2013 kl.4-8<\/strong><\/span><\/p>\n<p><strong>18.15 &#8211; Rada Rodzic\u00f3w z dyrektorem<\/strong><\/p>\n<p><strong><span style=\"color: #000000;\">kolejne zebrania szkolne:<\/span><\/strong><\/p>\n<ul>\n<li><span style=\"color: #000000;\">15 grudnia 2025 \u2013 konsultacje<\/span><\/li>\n<li><span style=\"color: #000000;\">19 stycznia 2026<\/span><\/li>\n<li><span style=\"color: #000000;\">&nbsp;21 maja 2026<\/span><\/li>\n<\/ul>\n<p>&nbsp;<\/p>\n<div class=\"pCont\">\n<div>\n<p>~~~~~~~~~~~~~~~~~~~~~~~~~~~~~~~~~~~~~~~~~~~~~~~~~~~~~~~~~~~~~~~~~~~~~~~~~~~~~~~~~~~~~~~~~~~~~~~~~~~~~~~~~~~~~~~~~~~~~~~<\/p>\n<h2><strong>Kalendarz roku szkolnego 2025\/2026<\/strong><\/h2>\n<table style=\"height: 1577px;\" width=\"996\">\n<tbody>\n<tr>\n<td>1.<\/td>\n<td width=\"250\">Rozpocz\u0119cie roku szkolnego<\/td>\n<td width=\"353\">1 wrze\u015bnia 2025 r.<\/td>\n<\/tr>\n<tr>\n<td>2.<\/td>\n<td width=\"250\">Zimowa przerwa \u015bwi\u0105teczna<\/td>\n<td width=\"353\">22 &#8211; 31 grudnia 2025 r.<\/td>\n<\/tr>\n<tr>\n<td>3.<\/td>\n<td width=\"250\">Ferie zimowe:<\/td>\n<td width=\"353\"><strong>16 lutego &#8211;&nbsp; 1 marca&nbsp; 2026 r.<\/strong><\/td>\n<\/tr>\n<tr>\n<td>4.<\/td>\n<td width=\"250\">Wiosenna przerwa \u015bwi\u0105teczna<\/td>\n<td width=\"353\">2 kwietnia \u2013 7 kwietnia &nbsp;2026 r.<\/td>\n<\/tr>\n<tr>\n<td>5.<\/td>\n<td width=\"250\">Egzamin \u00d3smoklasisty<\/td>\n<td width=\"353\">11,12,13 maja 2026<\/td>\n<\/tr>\n<tr>\n<td>6.<\/td>\n<td width=\"250\">Zako\u0144czenie zaj\u0119\u0107 dydaktyczno &#8211; wychowawczych<br \/>\n&#8211; rozdanie \u015bwiadectw<\/td>\n<td width=\"353\">26 czerwca 2026 r.<\/td>\n<\/tr>\n<tr>\n<td>7.<\/td>\n<td width=\"250\">Ferie letnie<\/td>\n<td width=\"353\">&nbsp;&nbsp;27 czerwca &#8211; 31 sierpnia 2026 r.<\/td>\n<\/tr>\n<tr>\n<td>8.<\/td>\n<td width=\"250\">Dni wolne od zaj\u0119\u0107 dydaktycznych<\/td>\n<td width=\"353\"><strong>14 pa\u017adziernika&nbsp; 2025<\/strong> (wtorek )<\/p>\n<p><strong>10 listopada 2025<\/strong> (poniedzia\u0142ek)<br \/>\n<strong>2 stycznia 2026<\/strong> (pi\u0105tek)<\/p>\n<p><strong>5 stycznia 2026<\/strong> ( poniedzia\u0142ek)<\/p>\n<p><strong>5 czerwca 2026 <\/strong>&nbsp;(pi\u0105tek po Bo\u017cym Ciele)<\/p>\n<p>&nbsp;dla klas 1-7&nbsp; w dniach&nbsp; egzaminu \u00d3smoklasisty (12,13,14 maja 2026)<\/td>\n<\/tr>\n<tr>\n<td>8a<\/td>\n<td width=\"250\">godziny wolne od zaj\u0119\u0107 dydaktycznych<\/td>\n<td width=\"353\">&nbsp;Rekolekcje<\/td>\n<\/tr>\n<tr>\n<td>9.<\/td>\n<td width=\"250\">Konferencje:<\/p>\n<p><strong>&nbsp;<\/strong><\/td>\n<td width=\"353\">\n<table width=\"0\">\n<tbody>\n<tr>\n<td width=\"166\">klasyfikacyjna<\/td>\n<td width=\"159\">12 stycznia 2026 r.<\/td>\n<\/tr>\n<tr>\n<td width=\"166\">plenarna<\/td>\n<td width=\"159\">26 stycznia 2026 r.<\/td>\n<\/tr>\n<tr>\n<td width=\"166\">klasyfikacyjna<\/td>\n<td width=\"159\">22 czerwca 2026 r.<\/td>\n<\/tr>\n<tr>\n<td width=\"166\">plenarna<\/td>\n<td width=\"159\">&nbsp;28 sierpnia 2026 r.<\/td>\n<\/tr>\n<\/tbody>\n<\/table>\n<\/td>\n<\/tr>\n<tr>\n<td>10.<\/td>\n<td width=\"250\">Czas trwania roku szkolnego<\/td>\n<td width=\"353\"><strong><u>I p\u00f3\u0142rocze<\/u><\/strong>&nbsp; 1 wrze\u015bnia 2025 &#8211; 09 stycznia 2026<\/p>\n<p><strong><u>II p\u00f3\u0142rocze<\/u><\/strong> 10 stycznia 2026 &#8211; 26 czerwca 2026<\/td>\n<\/tr>\n<tr>\n<td>11.<\/td>\n<td width=\"250\">wystawienie zagro\u017ce\u0144 ocen\u0105 niedostateczn\u0105 i proponowanych ocen<\/td>\n<td width=\"353\">\n<ul>\n<li>do 12 grudnia 2025<\/li>\n<li>do 15&nbsp; maja 2026<\/li>\n<\/ul>\n<\/td>\n<\/tr>\n<tr>\n<td>12.<\/td>\n<td width=\"250\">Wystawienie ocen&nbsp;&nbsp;&nbsp;<\/td>\n<td width=\"353\">\n<ul>\n<li>do 9 stycznia 2026&nbsp;&nbsp; &#8211; za I p\u00f3\u0142rocze<\/li>\n<li>do 17 czerwca 2026 &#8211; ko\u0144coworocznych<\/li>\n<\/ul>\n<\/td>\n<\/tr>\n<tr>\n<td>13.<\/td>\n<td width=\"250\">Zebrania z rodzicami<\/td>\n<td width=\"353\">\n<ul>\n<li>3 wrze\u015bnia 2025<\/li>\n<li>15 grudnia 2025 \u2013 konsultacje<\/li>\n<li>19 stycznia 2026<\/li>\n<li>21 maja 2026<\/li>\n<\/ul>\n<\/td>\n<\/tr>\n<\/tbody>\n<\/table>\n<p>___________________________________________________________________________________<\/p>\n<div>\n<h2><strong><span style=\"color: #ff0000;\">OP\u0141ATY&nbsp; od 1 wrze\u015bnia 2023<\/span><br \/>\n<\/strong><\/h2>\n<h5><span style=\"color: #000000;\"><strong><span style=\"color: #008000;\">PRZEDSZKOLE<\/span>:<\/strong><\/span><\/h5>\n<p><span style=\"color: #000000;\">\u015bniadanie &#8211; <span style=\"color: #ff0000;\"><strong>1,80 z\u0142 <\/strong><\/span><\/span><br \/>\n<span style=\"color: #000000;\">obiad &#8211; <span style=\"color: #ff0000;\"><strong>5,60 z\u0142<\/strong><\/span><\/span><br \/>\n<span style=\"color: #000000;\">podwieczorek &#8211;<span style=\"color: #ff0000;\"><strong>1,60<\/strong><\/span><\/span><\/p>\n<p><span style=\"color: #000000;\">pobyt powy\u017cej 5h &#8211; <span style=\"color: #ff0000;\"><strong>1,30 z\u0142<\/strong><\/span> ka\u017cda rozpocz\u0119ta godzina<\/span><\/p>\n<h5><span style=\"color: #333399;\"><strong>SZKO\u0141A:<\/strong><\/span><\/h5>\n<p><span style=\"color: #000000;\">obiad &#8211;<span style=\"color: #ff0000;\"><strong> 8 z\u0142<\/strong><\/span><\/span><\/p>\n<p><span style=\"color: #000000;\">duplikat legitymacji, karty rowerowej &#8211; <span style=\"color: #ff0000;\"><strong>9 z\u0142<\/strong><\/span><\/span><\/p>\n<p><span style=\"color: #000000;\">duplikat \u015bwiadectwa &#8211; <span style=\"color: #ff0000;\"><strong>26 z\u0142<\/strong><\/span><\/span><\/p>\n<div>\n<div class=\"content\"><span style=\"color: #000000;\"><strong>konta do op\u0142at :<\/strong><\/span><\/div>\n<div class=\"content\"><span style=\"color: #ff0000;\">szko\u0142a (op\u0142ata za obiady)<\/span><br \/>\n<span style=\"color: #000000;\"><strong>79 1160 2202 0000 0005 0860 7533<\/strong><\/span><\/div>\n<div class=\"content\"><span style=\"color: #ff0000;\">szko\u0142a (op\u0142ata za duplikaty: legitymacje,\u015bwiadectwa,etc)<\/span><br \/>\n<span style=\"color: #000000;\"><strong>25 1160 2202 0000 0005 0860 7438<\/strong><\/span><\/div>\n<div class=\"content\"><span style=\"color: #ff0000;\">przedszkole (op\u0142ata za pobyt i \u017cywienie)<\/span><br \/>\n<span style=\"color: #000000;\"><strong>89 1160 2202 0000 0005 0860 8032<\/strong><\/span><\/div>\n<\/div>\n<div><span style=\"color: #000000;\"><strong><br \/>\nDAROWIZNY<\/strong><\/span><br \/>\n<span style=\"color: #000000;\"><strong>39 1160 2202 0000 0005 0860 7768<\/strong><\/span><\/div>\n<div>&nbsp;<\/div>\n<h5><span style=\"color: #ff0000;\"><strong>DOKUMENTY<\/strong> <\/span><\/h5>\n<ul>\n<li><a href=\"https:\/\/www.sp11.gliwice.pl\/wp-content\/uploads\/2025\/04\/wniosek-o-wymiane-legitymacji.docx\" target=\"_blank\" rel=\"noopener\"><span style=\"color: #0000ff;\">wniosek o wymian\u0119 legitymacji<\/span><\/a><\/li>\n<li><span style=\"color: #0000ff;\"><a style=\"color: #0000ff;\" href=\"https:\/\/www.sp11.gliwice.pl\/wp-content\/uploads\/2025\/04\/wniosek-o-duplikat-legitymacji-szkolnej.docx\" target=\"_blank\" rel=\"noopener\">wniosek o duplikat legitymacji szkolnej<\/a><\/span><\/li>\n<li><span style=\"color: #0000ff;\"><a style=\"color: #0000ff;\" href=\"https:\/\/www.sp11.gliwice.pl\/wp-content\/uploads\/2025\/04\/wniosek-o-duplikat-karty-rowerowej.docx\" target=\"_blank\" rel=\"noopener\">wniosek o duplikat karty rowerowej<\/a><\/span><\/li>\n<li><span style=\"color: #0000ff;\"><a style=\"color: #0000ff;\" href=\"https:\/\/www.sp11.gliwice.pl\/wp-content\/uploads\/2025\/04\/wniosek-o-duplikat-swiadectwa.docx\" target=\"_blank\" rel=\"noopener\">wniosek o duplikat \u015bwiadectwa<\/a><\/span><\/li>\n<\/ul>\n<h4>__________________________________<\/h4>\n<h4><span style=\"color: #ff0000;\"><strong>WYNIKI REKRUTACJI DO PRZEDSZKOLA :<\/strong><\/span><\/h4>\n<p>&#8211; Lista dzieci zakwalifikowanych<a href=\"https:\/\/www.sp11.gliwice.pl\/wp-content\/uploads\/2023\/04\/lista-Zakwalifikowani-i-niezakwalifikowani.pdf\" target=\"_blank\" rel=\"noopener\"> &#8211; lista &#8211; Zakwalifikowani i niezakwalifikowani<\/a><\/p>\n<p>&#8211; O\u015bwiadczenie woli &#8211;&nbsp; <a href=\"https:\/\/www.sp11.gliwice.pl\/wp-content\/uploads\/2023\/04\/oswiadczenie-woli.docx\" target=\"_blank\" rel=\"noopener\">o\u015bwiadczenie woli<\/a><\/p>\n<h4>___________________________________________________________________<\/h4>\n<h4><span style=\"color: #ff0000;\"><strong>Wnioski :<\/strong><\/span><\/h4>\n<ul>\n<li><a href=\"https:\/\/www.sp11.gliwice.pl\/wp-content\/uploads\/2023\/02\/wniosek-kontynuacja-przedszkole.rtf\" target=\"_blank\" rel=\"noopener\">kontynuacja wychowania przedszkolnego w SP 11<\/a><\/li>\n<li><a href=\"https:\/\/www.sp11.gliwice.pl\/wp-content\/uploads\/2023\/02\/zgloszenie-klasa-I-dzieci-z-rejonu.rtf\" target=\"_blank\" rel=\"noopener\">zg\u0142oszenie dziecka z rejonu do klasy 1 w SP11<\/a><\/li>\n<\/ul>\n<h4>___________________________________________________________________<\/h4>\n<h2>________________________________<\/h2>\n<h2><span style=\"color: #0000ff;\"><strong>Zach\u0119camy uczni\u00f3w &#8230; \ud83d\ude42&nbsp;&nbsp; &#8211; <\/strong><a href=\"https:\/\/www.sp11.gliwice.pl\/wp-content\/uploads\/2022\/10\/Regulamin-NAJLEPSZY-PRZEDMIOTOWIEC-SP-nr-11.pdf\" target=\"_blank\" rel=\"noopener\"><em><span style=\"color: #ff6600;\">REGULAMIN<\/span><\/em><\/a><\/span><\/h2>\n<p>ngg_shortcode_0_placeholder_______________________________________________________________________________________<\/p>\n<\/div>\n<\/div>\n<div class=\"pCont\">\n<div><strong><span style=\"color: #ff6600;\">__________________________________________________________________________&nbsp;&nbsp; <\/span><\/strong><\/div>\n<div>_______________________________________________________________________________<\/div>\n<div>\n<p><span style=\"color: #000000;\">PORADNIK dotycz\u0105cy rekrutacji do szk\u00f3\u0142 \u015brednich:<\/span><\/p>\n<p><a href=\"https:\/\/www.sp11.gliwice.pl\/wp-content\/uploads\/2022\/05\/Rekrutacja_do_szkol_srednich_2022.pdf\" target=\"_blank\" rel=\"noopener\"><span style=\"color: #008000;\"><strong>PORADNIK<\/strong><\/span><\/a><\/p>\n<hr>\n<p><span style=\"color: #3366ff;\"><a style=\"color: #3366ff;\" href=\"https:\/\/gliwice.eu\/pomocukrainie\" target=\"_blank\" rel=\"noopener\">PUNKT POMOCY&nbsp;<\/a><strong>UKRAINIE <\/strong><\/span><\/p>\n<p>infolinia (poniedzia\u0142ek &#8211; sobota od 10.oo &#8211; 20.30) +48 32 444 22 22<\/p>\n<p><strong><span style=\"color: #3366ff;\">*<\/span><\/strong><\/p>\n<p><a href=\"http:\/\/ukraina.cis-gliwice.pl\/\" target=\"_blank\" rel=\"noopener\"><strong>Centrum Pomocy \u201eGliwice z Ukrain\u0105\u201d<\/strong><\/a><br \/>\nAdres: ul. Studzienna 6, Gliwice<\/p>\n<p><strong>Adres zbi\u00f3rki:<\/strong> ul. Barlickiego 3, Gliwice<br \/>\nCentrum Inicjatyw Spo\u0142ecznych CIS Gliwice<\/p>\n<p>Centrum pomocy (j. polski) &#8211;&nbsp;<a href=\"tel:+48780133262\" target=\"_blank\" rel=\"noreferrer noopener\"><strong>+48 780 133 262<\/strong><\/a><br \/>\n\u0426\u0435\u043d\u0442\u0440 \u0434\u043e\u043f\u043e\u043c\u043e\u0433\u0438 (\u0443\u043a\u0440\u0430\u0457\u043d\u0441\u044c\u043a\u043e\u044e \u043c.) &#8211;<strong><a href=\"tel:+48884352244\" target=\"_blank\" rel=\"noreferrer noopener\">+48 884 352 244<\/a><\/strong><\/p>\n<\/div>\n<\/div>\n<p><strong><span style=\"color: #3366ff;\">*<\/span><\/strong><\/p>\n<h4><span style=\"color: #3366ff;\"><a style=\"color: #3366ff;\" href=\"https:\/\/edukacja.gliwice.eu\/aktualnosci\/oswiata\/zasady-przyjmowania-dzieci-z-ukrainy-do-polskich-szkol-i-przedszkoli\" target=\"_blank\" rel=\"noopener\">Zasady przyjmowania dzieci z Ukrainy do polskich szk\u00f3\u0142 i przedszkoli<\/a><\/span><\/h4>\n<h2>_________________________________<\/h2>\n<p><span class=\"ILfuVd\"><span class=\"hgKElc\"><strong><span style=\"color: #ff0000;\">Telefon 116 111<\/span><\/strong> <span style=\"color: #000000;\">prowadzony przez Fundacj\u0119 Dajemy <b>Dzieciom<\/b> Si\u0142\u0119 jest czynny ca\u0142\u0105 dob\u0119 przez 7 dni w tygodniu, tak\u017ce w dni ustawowo wolne od pracy. Wszelkie aktualne informacje znajduj\u0105 si\u0119 te\u017c na stronach: www.116111.pl oraz www.fdds.pl<\/span><br \/>\n<\/span><\/span><\/p>\nngg_shortcode_1_placeholder\n<p>&nbsp;<\/p>\n<\/div>\n","protected":false},"excerpt":{"rendered":"<p>Rekrutacja do publicznych przedszkoli i oddzia\u0142\u00f3w przedszkolnych w szko\u0142ach podstawowych rozpocznie si\u0119 18 marca 2026 r. (godz. 9:00). R\u00f3wnie\u017c 18 marca 2026 r. zostanie uruchomiony [&hellip;]<\/p>\n","protected":false},"author":2,"featured_media":0,"parent":0,"menu_order":0,"comment_status":"closed","ping_status":"closed","template":"","meta":{"ngg_post_thumbnail":0,"footnotes":""},"class_list":["post-155","page","type-page","status-publish","hentry"],"_links":{"self":[{"href":"https:\/\/www.sp11.gliwice.pl\/index.php?rest_route=\/wp\/v2\/pages\/155","targetHints":{"allow":["GET"]}}],"collection":[{"href":"https:\/\/www.sp11.gliwice.pl\/index.php?rest_route=\/wp\/v2\/pages"}],"about":[{"href":"https:\/\/www.sp11.gliwice.pl\/index.php?rest_route=\/wp\/v2\/types\/page"}],"author":[{"embeddable":true,"href":"https:\/\/www.sp11.gliwice.pl\/index.php?rest_route=\/wp\/v2\/users\/2"}],"replies":[{"embeddable":true,"href":"https:\/\/www.sp11.gliwice.pl\/index.php?rest_route=%2Fwp%2Fv2%2Fcomments&post=155"}],"version-history":[{"count":91,"href":"https:\/\/www.sp11.gliwice.pl\/index.php?rest_route=\/wp\/v2\/pages\/155\/revisions"}],"predecessor-version":[{"id":18509,"href":"https:\/\/www.sp11.gliwice.pl\/index.php?rest_route=\/wp\/v2\/pages\/155\/revisions\/18509"}],"wp:attachment":[{"href":"https:\/\/www.sp11.gliwice.pl\/index.php?rest_route=%2Fwp%2Fv2%2Fmedia&parent=155"}],"curies":[{"name":"wp","href":"https:\/\/api.w.org\/{rel}","templated":true}]}}