{"id":150,"date":"2021-09-02T15:39:50","date_gmt":"2021-09-02T13:39:50","guid":{"rendered":"https:\/\/www.sp11.gliwice.pl\/new\/?page_id=150"},"modified":"2026-05-06T08:42:16","modified_gmt":"2026-05-06T06:42:16","slug":"przedszkole","status":"publish","type":"page","link":"https:\/\/www.sp11.gliwice.pl\/?page_id=150","title":{"rendered":"Przedszkole"},"content":{"rendered":"\t\t<div data-elementor-type=\"wp-page\" data-elementor-id=\"150\" class=\"elementor elementor-150\">\n\t\t\t\t\t\t<section class=\"elementor-section elementor-top-section elementor-element elementor-element-bf05f8b elementor-section-boxed elementor-section-height-default elementor-section-height-default\" data-id=\"bf05f8b\" data-element_type=\"section\" data-e-type=\"section\">\n\t\t\t\t\t\t<div class=\"elementor-container elementor-column-gap-default\">\n\t\t\t\t\t<div class=\"elementor-column elementor-col-25 elementor-top-column elementor-element elementor-element-6d883ae8\" data-id=\"6d883ae8\" data-element_type=\"column\" data-e-type=\"column\">\n\t\t\t<div class=\"elementor-widget-wrap elementor-element-populated\">\n\t\t\t\t\t\t<div class=\"elementor-element elementor-element-4e975d24 elementor-widget elementor-widget-image-box\" data-id=\"4e975d24\" data-element_type=\"widget\" data-e-type=\"widget\" data-widget_type=\"image-box.default\">\n\t\t\t\t<div class=\"elementor-widget-container\">\n\t\t\t\t\t<div class=\"elementor-image-box-wrapper\"><div class=\"elementor-image-box-content\"><h3 class=\"elementor-image-box-title\"><a href=\"https:\/\/www.sp11.gliwice.pl\/?page_id=524\">Je\u017cyki<\/a><\/h3><\/div><\/div>\t\t\t\t<\/div>\n\t\t\t\t<\/div>\n\t\t\t\t\t<\/div>\n\t\t<\/div>\n\t\t\t\t<div class=\"elementor-column elementor-col-25 elementor-top-column elementor-element elementor-element-726f1874\" data-id=\"726f1874\" data-element_type=\"column\" data-e-type=\"column\">\n\t\t\t<div class=\"elementor-widget-wrap elementor-element-populated\">\n\t\t\t\t\t\t<div class=\"elementor-element elementor-element-69e2a254 elementor-widget elementor-widget-image-box\" data-id=\"69e2a254\" data-element_type=\"widget\" data-e-type=\"widget\" data-widget_type=\"image-box.default\">\n\t\t\t\t<div class=\"elementor-widget-container\">\n\t\t\t\t\t<div class=\"elementor-image-box-wrapper\"><div class=\"elementor-image-box-content\"><h3 class=\"elementor-image-box-title\"><a href=\"https:\/\/www.sp11.gliwice.pl\/?page_id=526\">Kubusie Puchatki<\/a><\/h3><\/div><\/div>\t\t\t\t<\/div>\n\t\t\t\t<\/div>\n\t\t\t\t\t<\/div>\n\t\t<\/div>\n\t\t\t\t<div class=\"elementor-column elementor-col-25 elementor-top-column elementor-element elementor-element-73c19032\" data-id=\"73c19032\" data-element_type=\"column\" data-e-type=\"column\">\n\t\t\t<div class=\"elementor-widget-wrap elementor-element-populated\">\n\t\t\t\t\t\t<div class=\"elementor-element elementor-element-85a73c0 elementor-widget elementor-widget-image-box\" data-id=\"85a73c0\" data-element_type=\"widget\" data-e-type=\"widget\" data-widget_type=\"image-box.default\">\n\t\t\t\t<div class=\"elementor-widget-container\">\n\t\t\t\t\t<div class=\"elementor-image-box-wrapper\"><div class=\"elementor-image-box-content\"><h3 class=\"elementor-image-box-title\"><a href=\"https:\/\/www.sp11.gliwice.pl\/?page_id=530\">\u017babki<\/a><\/h3><\/div><\/div>\t\t\t\t<\/div>\n\t\t\t\t<\/div>\n\t\t\t\t\t<\/div>\n\t\t<\/div>\n\t\t\t\t<div class=\"elementor-column elementor-col-25 elementor-top-column elementor-element elementor-element-78ef72c\" data-id=\"78ef72c\" data-element_type=\"column\" data-e-type=\"column\">\n\t\t\t<div class=\"elementor-widget-wrap elementor-element-populated\">\n\t\t\t\t\t\t<div class=\"elementor-element elementor-element-4272bd34 elementor-widget elementor-widget-image-box\" data-id=\"4272bd34\" data-element_type=\"widget\" data-e-type=\"widget\" data-widget_type=\"image-box.default\">\n\t\t\t\t<div class=\"elementor-widget-container\">\n\t\t\t\t\t<div class=\"elementor-image-box-wrapper\"><div class=\"elementor-image-box-content\"><h3 class=\"elementor-image-box-title\"><a href=\"https:\/\/www.sp11.gliwice.pl\/?page_id=528\">Misie<\/a><\/h3><\/div><\/div>\t\t\t\t<\/div>\n\t\t\t\t<\/div>\n\t\t\t\t\t<\/div>\n\t\t<\/div>\n\t\t\t\t\t<\/div>\n\t\t<\/section>\n\t\t\t\t<section class=\"elementor-section elementor-top-section elementor-element elementor-element-c7efbb8 elementor-section-boxed elementor-section-height-default elementor-section-height-default\" data-id=\"c7efbb8\" data-element_type=\"section\" data-e-type=\"section\">\n\t\t\t\t\t\t<div class=\"elementor-container elementor-column-gap-default\">\n\t\t\t\t\t<div class=\"elementor-column elementor-col-100 elementor-top-column elementor-element elementor-element-479d434\" data-id=\"479d434\" data-element_type=\"column\" data-e-type=\"column\">\n\t\t\t<div class=\"elementor-widget-wrap elementor-element-populated\">\n\t\t\t\t\t\t<div class=\"elementor-element elementor-element-fa1c2cf elementor-widget elementor-widget-spacer\" data-id=\"fa1c2cf\" data-element_type=\"widget\" data-e-type=\"widget\" data-widget_type=\"spacer.default\">\n\t\t\t\t<div class=\"elementor-widget-container\">\n\t\t\t\t\t\t\t<div class=\"elementor-spacer\">\n\t\t\t<div class=\"elementor-spacer-inner\"><\/div>\n\t\t<\/div>\n\t\t\t\t\t\t<\/div>\n\t\t\t\t<\/div>\n\t\t\t\t\t<\/div>\n\t\t<\/div>\n\t\t\t\t\t<\/div>\n\t\t<\/section>\n\t\t\t\t<section class=\"elementor-section elementor-top-section elementor-element elementor-element-824171c elementor-section-boxed elementor-section-height-default elementor-section-height-default\" data-id=\"824171c\" data-element_type=\"section\" data-e-type=\"section\">\n\t\t\t\t\t\t<div class=\"elementor-container elementor-column-gap-default\">\n\t\t\t\t\t<div class=\"elementor-column elementor-col-25 elementor-top-column elementor-element elementor-element-76c8c4d7\" data-id=\"76c8c4d7\" data-element_type=\"column\" data-e-type=\"column\">\n\t\t\t<div class=\"elementor-widget-wrap elementor-element-populated\">\n\t\t\t\t\t\t<div class=\"elementor-element elementor-element-8355743 elementor-view-default elementor-position-block-start elementor-mobile-position-block-start elementor-widget elementor-widget-icon-box\" data-id=\"8355743\" data-element_type=\"widget\" data-e-type=\"widget\" data-widget_type=\"icon-box.default\">\n\t\t\t\t<div class=\"elementor-widget-container\">\n\t\t\t\t\t\t\t<div class=\"elementor-icon-box-wrapper\">\n\n\t\t\t\t\t\t<div class=\"elementor-icon-box-icon\">\n\t\t\t\t<span  class=\"elementor-icon\">\n\t\t\t\t<i aria-hidden=\"true\" class=\"far fa-copy\"><\/i>\t\t\t\t<\/span>\n\t\t\t<\/div>\n\t\t\t\n\t\t\t\t\t\t<div class=\"elementor-icon-box-content\">\n\n\t\t\t\t\n\t\t\t\t\t\t\t\t\t<p class=\"elementor-icon-box-description\">\n\t\t\t\t\t\tLista dzieci zakwalifikowanych do przedszkola w roku szkolnym 2024\/2025\t\t\t\t\t<\/p>\n\t\t\t\t\n\t\t\t<\/div>\n\t\t\t\n\t\t<\/div>\n\t\t\t\t\t\t<\/div>\n\t\t\t\t<\/div>\n\t\t\t\t\t<\/div>\n\t\t<\/div>\n\t\t\t\t<div class=\"elementor-column elementor-col-25 elementor-top-column elementor-element elementor-element-676ccbe6\" data-id=\"676ccbe6\" data-element_type=\"column\" data-e-type=\"column\">\n\t\t\t<div class=\"elementor-widget-wrap elementor-element-populated\">\n\t\t\t\t\t\t<div class=\"elementor-element elementor-element-2586bf8 elementor-view-default elementor-position-block-start elementor-mobile-position-block-start elementor-widget elementor-widget-icon-box\" data-id=\"2586bf8\" data-element_type=\"widget\" data-e-type=\"widget\" data-widget_type=\"icon-box.default\">\n\t\t\t\t<div class=\"elementor-widget-container\">\n\t\t\t\t\t\t\t<div class=\"elementor-icon-box-wrapper\">\n\n\t\t\t\t\t\t<div class=\"elementor-icon-box-icon\">\n\t\t\t\t<a href=\"https:\/\/www.sp11.gliwice.pl\/wp-content\/uploads\/2025\/03\/Kryteria_rekrutacja_do_przedszkoli.docx\" target=\"_blank\" class=\"elementor-icon\" tabindex=\"-1\">\n\t\t\t\t<i aria-hidden=\"true\" class=\"far fa-clone\"><\/i>\t\t\t\t<\/a>\n\t\t\t<\/div>\n\t\t\t\n\t\t\t\t\t\t<div class=\"elementor-icon-box-content\">\n\n\t\t\t\t\n\t\t\t\t\t\t\t\t\t<p class=\"elementor-icon-box-description\">\n\t\t\t\t\t\tZasady rekrutacji do publicznych przedszkoli i oddzia\u0142\u00f3w przedszkolnych w szko\u0142ach \nna rok szkolny 2025\/2026\t\t\t\t\t<\/p>\n\t\t\t\t\n\t\t\t<\/div>\n\t\t\t\n\t\t<\/div>\n\t\t\t\t\t\t<\/div>\n\t\t\t\t<\/div>\n\t\t\t\t\t<\/div>\n\t\t<\/div>\n\t\t\t\t<div class=\"elementor-column elementor-col-25 elementor-top-column elementor-element elementor-element-6179ab33\" data-id=\"6179ab33\" data-element_type=\"column\" data-e-type=\"column\">\n\t\t\t<div class=\"elementor-widget-wrap elementor-element-populated\">\n\t\t\t\t\t\t<div class=\"elementor-element elementor-element-65f42bc4 elementor-view-default elementor-position-block-start elementor-mobile-position-block-start elementor-widget elementor-widget-icon-box\" data-id=\"65f42bc4\" data-element_type=\"widget\" data-e-type=\"widget\" data-widget_type=\"icon-box.default\">\n\t\t\t\t<div class=\"elementor-widget-container\">\n\t\t\t\t\t\t\t<div class=\"elementor-icon-box-wrapper\">\n\n\t\t\t\t\t\t<div class=\"elementor-icon-box-icon\">\n\t\t\t\t<a href=\"https:\/\/www.sp11.gliwice.pl\/wp-content\/uploads\/2025\/03\/PM_1188_25-zarzadzenie-rekrutacja.pdf\" target=\"_blank\" class=\"elementor-icon\" tabindex=\"-1\">\n\t\t\t\t<i aria-hidden=\"true\" class=\"fas fa-virus\"><\/i>\t\t\t\t<\/a>\n\t\t\t<\/div>\n\t\t\t\n\t\t\t\t\t\t<div class=\"elementor-icon-box-content\">\n\n\t\t\t\t\n\t\t\t\t\t\t\t\t\t<p class=\"elementor-icon-box-description\">\n\t\t\t\t\t\tHarmonogram rekrutacji\t\t\t\t\t<\/p>\n\t\t\t\t\n\t\t\t<\/div>\n\t\t\t\n\t\t<\/div>\n\t\t\t\t\t\t<\/div>\n\t\t\t\t<\/div>\n\t\t\t\t\t<\/div>\n\t\t<\/div>\n\t\t\t\t<div class=\"elementor-column elementor-col-25 elementor-top-column elementor-element elementor-element-70051d6e\" data-id=\"70051d6e\" data-element_type=\"column\" data-e-type=\"column\">\n\t\t\t<div class=\"elementor-widget-wrap elementor-element-populated\">\n\t\t\t\t\t\t<div class=\"elementor-element elementor-element-46e2fc35 elementor-view-default elementor-position-block-start elementor-mobile-position-block-start elementor-widget elementor-widget-icon-box\" data-id=\"46e2fc35\" data-element_type=\"widget\" data-e-type=\"widget\" data-widget_type=\"icon-box.default\">\n\t\t\t\t<div class=\"elementor-widget-container\">\n\t\t\t\t\t\t\t<div class=\"elementor-icon-box-wrapper\">\n\n\t\t\t\t\t\t<div class=\"elementor-icon-box-icon\">\n\t\t\t\t<a href=\"https:\/\/www.sp11.gliwice.pl\/wp-content\/uploads\/2025\/03\/karta-kontynuacji-do-oddzialow-przedszkolnych-2025_2026.doc\" target=\"_blank\" class=\"elementor-icon\" tabindex=\"-1\">\n\t\t\t\t<i aria-hidden=\"true\" class=\"far fa-clone\"><\/i>\t\t\t\t<\/a>\n\t\t\t<\/div>\n\t\t\t\n\t\t\t\t\t\t<div class=\"elementor-icon-box-content\">\n\n\t\t\t\t\n\t\t\t\t\t\t\t\t\t<p class=\"elementor-icon-box-description\">\n\t\t\t\t\t\tKarta kontynuacji pobytu dziecka w przedszkolu\t\t\t\t\t<\/p>\n\t\t\t\t\n\t\t\t<\/div>\n\t\t\t\n\t\t<\/div>\n\t\t\t\t\t\t<\/div>\n\t\t\t\t<\/div>\n\t\t\t\t\t<\/div>\n\t\t<\/div>\n\t\t\t\t\t<\/div>\n\t\t<\/section>\n\t\t\t\t<section class=\"elementor-section elementor-top-section elementor-element elementor-element-c3cb85f elementor-section-boxed elementor-section-height-default elementor-section-height-default\" data-id=\"c3cb85f\" data-element_type=\"section\" data-e-type=\"section\">\n\t\t\t\t\t\t<div class=\"elementor-container elementor-column-gap-default\">\n\t\t\t\t\t<div class=\"elementor-column elementor-col-100 elementor-top-column elementor-element elementor-element-f1a864a\" data-id=\"f1a864a\" data-element_type=\"column\" data-e-type=\"column\">\n\t\t\t<div class=\"elementor-widget-wrap elementor-element-populated\">\n\t\t\t\t\t\t<div class=\"elementor-element elementor-element-a5e4825 elementor-widget elementor-widget-text-editor\" data-id=\"a5e4825\" data-element_type=\"widget\" data-e-type=\"widget\" data-widget_type=\"text-editor.default\">\n\t\t\t\t<div class=\"elementor-widget-container\">\n\t\t\t\t\t\t\t\t\t<h4><strong><span style=\"color: #800000;\">Rekrutacja do przedszkoli :\u00a0<\/span><\/strong><\/h4><ul><li><a href=\"https:\/\/www.sp11.gliwice.pl\/wp-content\/uploads\/2026\/04\/Lista-zakwalifikowanych_przedszkole-2026.pdf\" target=\"_blank\" rel=\"noopener\">Lista zakwalifikowanych_przedszkole 2026<\/a><\/li><li><a href=\"https:\/\/www.sp11.gliwice.pl\/wp-content\/uploads\/2026\/04\/Lista-niezakwalifikowanych_przedszkole-2026_1.pdf\" target=\"_blank\" rel=\"noopener\">Lista niezakwalifikowanych_przedszkole 2026_1<\/a><\/li><\/ul><p><span style=\"color: #008000;\"><strong>Rekrutacja<\/strong> do publicznych przedszkoli i oddzia\u0142\u00f3w przedszkolnych w szko\u0142ach podstawowych rozpocznie si\u0119<span style=\"color: #ff0000;\"> <strong>18 marca 2026 r. (godz. 9:00)<\/strong>.<\/span><\/span><\/p><p><span style=\"color: #008000;\">R\u00f3wnie\u017c 18 marca 2026 r. zostanie uruchomiony <u>elektroniczny system rekrutacji<\/u>.<\/span><\/p><p><span style=\"color: #008000;\">Szczeg\u00f3\u0142owe zasady rekrutacji oraz wniosek zostan\u0105 zamieszczone w elektronicznym systemie rekrutacji.\u00a0<\/span><\/p><p><a href=\"https:\/\/edukacja.gliwice.eu\/rekrutacja\/przedszkola\" target=\"_blank\" rel=\"noopener\"><span style=\"color: #0000ff;\">wi\u0119cej informacji\u00a0<\/span><\/a><\/p><h5>Rodzic\u00f3w deklaruj\u0105cych <strong>kontynuacj\u0119<\/strong> ucz\u0119szczania dzieci do naszego przedszkola prosimy o z\u0142o\u017cenie do <span style=\"color: #ff0000;\"><strong>6 marca 2026 r<\/strong><\/span>. w sekretariacie DEKLARACJI\u00a0<\/h5><ul><li><a href=\"https:\/\/www.sp11.gliwice.pl\/wp-content\/uploads\/2026\/02\/karta-kontynuacji-do-oddzialow-przedszkolnych-2026_2027.doc\" target=\"_blank\" rel=\"noopener\"><span style=\"color: #3366ff;\">karta kontynuacji do oddzia\u0142\u00f3w przedszkolnych 2026_2027<\/span><\/a><span style=\"color: #3366ff;\">.doc<\/span><\/li><li><span style=\"color: #3366ff;\"><a style=\"color: #3366ff;\" href=\"https:\/\/www.sp11.gliwice.pl\/wp-content\/uploads\/2026\/02\/karta-kontynuacji-do-oddzialow-przedszkolnych-2026_2027.pdf\" target=\"_blank\" rel=\"noopener\">karta kontynuacji do oddzia\u0142\u00f3w przedszkolnych 2026_2027<\/a>.pdf<\/span><\/li><\/ul><h3><strong><span style=\"color: #000080;\">Przedszkole czynne w godzinach:<\/span><\/strong><\/h3><h3><strong><span style=\"color: #000080;\">6.30 &#8211; 16.30<\/span><\/strong><\/h3><h4>\u00a0<\/h4><h4>\u00a0<strong><span style=\"color: #ff0000;\">Rodzice dzieci przyj\u0119tych proszeni s\u0105 o dostarczenie &#8222;Potwierdzenia woli&#8221; &#8211; wydrukowanego z systemu.<\/span><\/strong><\/h4><p><span style=\"color: #000000;\"><strong>WYPRAWKA dla Przedszkolaka powinna zawiera\u0107:<\/strong><\/span><\/p><ul><li><span style=\"color: #000000;\">woreczek ze zmiennym obuwiem, bielizn\u0105, koszulk\u0105, spodniami &#8211;\u00a0 na zmian\u0119<\/span><\/li><li><span style=\"color: #000000;\">przybory plastyczne: <\/span><br \/><span style=\"color: #000000;\">plastelina<\/span><br \/><span style=\"color: #000000;\">kredki \u015bwiecowe<\/span><br \/><span style=\"color: #000000;\">kredki o\u0142\u00f3wkowe<\/span><br \/><span style=\"color: #000000;\">ryza papieru bia\u0142ego<\/span><br \/><span style=\"color: #000000;\">ryza papieru kolorowego<\/span><br \/><span style=\"color: #000000;\">blok techniczny kolorowy<\/span><br \/><span style=\"color: #000000;\">no\u017cyczki<\/span><br \/><span style=\"color: #000000;\">temper\u00f3wka<\/span><br \/><span style=\"color: #000000;\">gumka do \u015bcierania<\/span><br \/><span style=\"color: #000000;\">klej<\/span><br \/><span style=\"color: #000000;\">farby<\/span><br \/><span style=\"color: #000000;\">kubeczek na farby<\/span><br \/><span style=\"color: #000000;\">p\u0119dzelek<\/span><br \/><span style=\"color: #000000;\">o\u0142\u00f3wek<\/span><br \/><span style=\"color: #000000;\">bibu\u0142a<\/span><br \/><span style=\"color: #000000;\">teczka z gumk\u0105<\/span><\/li><li><span style=\"color: #000000;\">\u00a0chusteczki suche<\/span><\/li><\/ul><h4><strong><span style=\"color: #339966;\">Przedszkole pe\u0142ni <span style=\"color: #993300;\">dy\u017cur wakacyjny<\/span> od 1 lipca do 31 lipca 2026.<\/span><\/strong><\/h4><h5><span style=\"color: #0000ff;\">-rekrutacja na wolne miejsca w przedszkolu w miesi\u0105cach wakacyjnych b\u0119dzie prowadzona\u00a0<\/span><span style=\"color: #0000ff;\">elektronicznie od 12 maja.<\/span><\/h5><p><a href=\"https:\/\/rekrutacje-gliwice.pzo.edu.pl\/vacatio-public\/menu\/145\" target=\"_blank\" rel=\"noopener\">https:\/\/rekrutacje-gliwice.pzo.edu.pl\/vacatio-public\/menu\/145<\/a><\/p><div>\u00a0<\/div><div>\u00a0<\/div><div>\u00a0<\/div><div>\u00a0<strong>~~~~~~~~~~~~~~~~~~~~~~~~~~~~~~~~~~~~~~~~~~~~~~~~~~~~~~~~~~~~~~~~~~~~~~~~~~~~~~~~~~~~~~~~<\/strong><\/div><div><p><span style=\"color: #333399;\">Przedszkole mie\u015bci si\u0119 w cz\u0119\u015bci budynku szko\u0142y, kt\u00f3ra zosta\u0142a przystosowana do potrzeb najm\u0142odszych. <br \/>Dzieci posiadaj\u0105 odr\u0119bn\u0105 szatni\u0119 i toalety spe\u0142niaj\u0105c\u0105 wymogi bezpiecze\u0144stwa i higieny. <br \/>Bezpo\u015brednio do budynku przylegaj\u0105 boiska i plac zabaw dla dzieci. <br \/>Nasza plac\u00f3wka przyjmuje dzieci w wieku 3 \u2013 6 lat. Przedszkole dysponuje du\u017cymi przestronnymi, kolorowymi salami, wyposa\u017conymi w znaczn\u0105 liczb\u0119 zabawek i pomocy dydaktycznych. <br \/>Ka\u017cda sale posiada dost\u0119p do Internetu, rzutniki lub tablic\u0119 interaktywn\u0105. <br \/>Przedszkole jest otwarte dla rodzic\u00f3w, przyjazne dla dziecka.<br \/>Absolwenci naszego przedszkola s\u0105 dobrze przygotowani do podj\u0119cia zaj\u0119\u0107 w klasach I &#8211; III i p\u00f3\u017aniejszej nauki. S\u0105 tw\u00f3rczy, maj\u0105 mo\u017cliwo\u015b\u0107 osi\u0105gania sukces\u00f3w. <br \/>Chcieliby\u015bmy, aby dzieci czu\u0142y si\u0119 jak u siebie w domu, dlatego naszym atutem jest rodzinna atmosfera, \u017cyczliwy personel i smaczne\u00a0 wy\u017cywienie przygotowywane na miejscu.\u00a0 Personel kuchenny zapewnia dzieciom r\u00f3\u017cnorodne posi\u0142ki, kt\u00f3re spe\u0142niaj\u0105 wszelkie wymogi norm \u017cywieniowych. <br \/>W naszej plac\u00f3wce kadr\u0119 pedagogiczn\u0105 stanowi\u0105 nauczyciele kompetentni i wykszta\u0142ceni, kt\u00f3rzy posiadaj\u0105 przygotowanie pedagogiczne i na bie\u017c\u0105co podnosz\u0105 swoje umiej\u0119tno\u015bci w r\u00f3\u017cnych formach doskonalenia zawodowego. W ramach pracy plac\u00f3wka organizuje dla dzieci: &#8211; wycieczki &#8211; wyjazdy do kina, teatru &#8211; spotkania z ciekawymi lud\u017ami, organizowanie zabaw i szeregu dzia\u0142a\u0144 rekreacyjno- sportowych, pobudzaj\u0105cych aktywno\u015b\u0107 ruchow\u0105 dzieci.\u00a0 <br \/>Dla rodzic\u00f3w organizujemy: &#8211; zaj\u0119cia otwarte &#8211; konsultacje z nauczycielami &#8211; konkursy &#8211; imprezy \u015brodowiskowe.\u00a0 Plac\u00f3wka nasza czynna jest przez 5 dni w tygodniu w godzinach 6.30 \u2013 16.30. <\/span><\/p><p><span style=\"color: #333399;\">Nasze przedszkole dzia\u0142a jako jednostka bud\u017cetowa, kt\u00f3rej organem prowadz\u0105cym jest Miasto Gliwice. Nadz\u00f3r pedagogiczny sprawuje \u015al\u0105skie Kuratorium O\u015bwiaty w Katowicach. Organizacj\u0119 pracy okre\u015bla ramowy rozk\u0142ad dnia.\u00a0<\/span><\/p><\/div><div>\u00a0<\/div>\t\t\t\t\t\t\t\t<\/div>\n\t\t\t\t<\/div>\n\t\t\t\t\t<\/div>\n\t\t<\/div>\n\t\t\t\t\t<\/div>\n\t\t<\/section>\n\t\t\t\t<\/div>\n\t\t","protected":false},"excerpt":{"rendered":"<p>Je\u017cyki Kubusie Puchatki \u017babki Misie Lista dzieci zakwalifikowanych do przedszkola w roku szkolnym 2024\/2025 Zasady rekrutacji do publicznych przedszkoli i oddzia\u0142\u00f3w przedszkolnych w szko\u0142ach na [&hellip;]<\/p>\n","protected":false},"author":2,"featured_media":0,"parent":0,"menu_order":0,"comment_status":"closed","ping_status":"closed","template":"","meta":{"ngg_post_thumbnail":0,"footnotes":""},"class_list":["post-150","page","type-page","status-publish","hentry"],"_links":{"self":[{"href":"https:\/\/www.sp11.gliwice.pl\/index.php?rest_route=\/wp\/v2\/pages\/150","targetHints":{"allow":["GET"]}}],"collection":[{"href":"https:\/\/www.sp11.gliwice.pl\/index.php?rest_route=\/wp\/v2\/pages"}],"about":[{"href":"https:\/\/www.sp11.gliwice.pl\/index.php?rest_route=\/wp\/v2\/types\/page"}],"author":[{"embeddable":true,"href":"https:\/\/www.sp11.gliwice.pl\/index.php?rest_route=\/wp\/v2\/users\/2"}],"replies":[{"embeddable":true,"href":"https:\/\/www.sp11.gliwice.pl\/index.php?rest_route=%2Fwp%2Fv2%2Fcomments&post=150"}],"version-history":[{"count":208,"href":"https:\/\/www.sp11.gliwice.pl\/index.php?rest_route=\/wp\/v2\/pages\/150\/revisions"}],"predecessor-version":[{"id":18867,"href":"https:\/\/www.sp11.gliwice.pl\/index.php?rest_route=\/wp\/v2\/pages\/150\/revisions\/18867"}],"wp:attachment":[{"href":"https:\/\/www.sp11.gliwice.pl\/index.php?rest_route=%2Fwp%2Fv2%2Fmedia&parent=150"}],"curies":[{"name":"wp","href":"https:\/\/api.w.org\/{rel}","templated":true}]}}