{"id":140,"date":"2021-09-02T15:34:23","date_gmt":"2021-09-02T13:34:23","guid":{"rendered":"https:\/\/www.sp11.gliwice.pl\/new\/?page_id=140"},"modified":"2021-09-15T20:55:49","modified_gmt":"2021-09-15T18:55:49","slug":"dyrektor-szkoly","status":"publish","type":"page","link":"https:\/\/www.sp11.gliwice.pl\/?page_id=140","title":{"rendered":"Dyrektor szko\u0142y"},"content":{"rendered":"\t\t<div data-elementor-type=\"wp-page\" data-elementor-id=\"140\" class=\"elementor elementor-140\">\n\t\t\t\t\t\t<section class=\"elementor-section elementor-top-section elementor-element elementor-element-fe3db1c elementor-section-boxed elementor-section-height-default elementor-section-height-default\" data-id=\"fe3db1c\" data-element_type=\"section\" data-e-type=\"section\">\n\t\t\t\t\t\t<div class=\"elementor-container elementor-column-gap-default\">\n\t\t\t\t\t<div class=\"elementor-column elementor-col-33 elementor-top-column elementor-element elementor-element-9ec9506\" data-id=\"9ec9506\" data-element_type=\"column\" data-e-type=\"column\">\n\t\t\t<div class=\"elementor-widget-wrap\">\n\t\t\t\t\t\t\t<\/div>\n\t\t<\/div>\n\t\t\t\t<div class=\"elementor-column elementor-col-33 elementor-top-column elementor-element elementor-element-7e4fbaf\" data-id=\"7e4fbaf\" data-element_type=\"column\" data-e-type=\"column\">\n\t\t\t<div class=\"elementor-widget-wrap\">\n\t\t\t\t\t\t\t<\/div>\n\t\t<\/div>\n\t\t\t\t<div class=\"elementor-column elementor-col-33 elementor-top-column elementor-element elementor-element-afeffb0\" data-id=\"afeffb0\" data-element_type=\"column\" data-e-type=\"column\">\n\t\t\t<div class=\"elementor-widget-wrap\">\n\t\t\t\t\t\t\t<\/div>\n\t\t<\/div>\n\t\t\t\t\t<\/div>\n\t\t<\/section>\n\t\t\t\t<section class=\"elementor-section elementor-top-section elementor-element elementor-element-7c0da3a elementor-section-boxed elementor-section-height-default elementor-section-height-default\" data-id=\"7c0da3a\" data-element_type=\"section\" data-e-type=\"section\">\n\t\t\t\t\t\t<div class=\"elementor-container elementor-column-gap-default\">\n\t\t\t\t\t<div class=\"elementor-column elementor-col-33 elementor-top-column elementor-element elementor-element-ac0e677\" data-id=\"ac0e677\" data-element_type=\"column\" data-e-type=\"column\">\n\t\t\t<div class=\"elementor-widget-wrap\">\n\t\t\t\t\t\t\t<\/div>\n\t\t<\/div>\n\t\t\t\t<div class=\"elementor-column elementor-col-33 elementor-top-column elementor-element elementor-element-0153be1\" data-id=\"0153be1\" data-element_type=\"column\" data-e-type=\"column\">\n\t\t\t<div class=\"elementor-widget-wrap elementor-element-populated\">\n\t\t\t\t\t\t<div class=\"elementor-element elementor-element-5de5458 elementor-widget elementor-widget-heading\" data-id=\"5de5458\" data-element_type=\"widget\" data-e-type=\"widget\" data-widget_type=\"heading.default\">\n\t\t\t\t<div class=\"elementor-widget-container\">\n\t\t\t\t\t<h2 class=\"elementor-heading-title elementor-size-large\">Wojciech Kijewski<\/h2>\t\t\t\t<\/div>\n\t\t\t\t<\/div>\n\t\t\t\t<div class=\"elementor-element elementor-element-adf1f67 elementor-widget elementor-widget-image\" data-id=\"adf1f67\" data-element_type=\"widget\" data-e-type=\"widget\" data-widget_type=\"image.default\">\n\t\t\t\t<div class=\"elementor-widget-container\">\n\t\t\t\t\t\t\t\t\t\t\t\t\t\t\t<img fetchpriority=\"high\" decoding=\"async\" width=\"488\" height=\"521\" src=\"https:\/\/www.sp11.gliwice.pl\/wp-content\/uploads\/2021\/09\/kijewski_dyr.jpg\" class=\"attachment-large size-large wp-image-389\" alt=\"\" srcset=\"https:\/\/www.sp11.gliwice.pl\/wp-content\/uploads\/2021\/09\/kijewski_dyr.jpg 488w, https:\/\/www.sp11.gliwice.pl\/wp-content\/uploads\/2021\/09\/kijewski_dyr-281x300.jpg 281w\" sizes=\"(max-width: 488px) 100vw, 488px\" \/>\t\t\t\t\t\t\t\t\t\t\t\t\t\t\t<\/div>\n\t\t\t\t<\/div>\n\t\t\t\t<div class=\"elementor-element elementor-element-ef81cfd elementor-widget elementor-widget-text-editor\" data-id=\"ef81cfd\" data-element_type=\"widget\" data-e-type=\"widget\" data-widget_type=\"text-editor.default\">\n\t\t\t\t<div class=\"elementor-widget-container\">\n\t\t\t\t\t\t\t\t\t<p style=\"text-align: center;\"><span style=\"color: #000000;\">Dyrektor SP nr 11 w Gliwicach<\/span><\/p>\t\t\t\t\t\t\t\t<\/div>\n\t\t\t\t<\/div>\n\t\t\t\t\t<\/div>\n\t\t<\/div>\n\t\t\t\t<div class=\"elementor-column elementor-col-33 elementor-top-column elementor-element elementor-element-9970207\" data-id=\"9970207\" data-element_type=\"column\" data-e-type=\"column\">\n\t\t\t<div class=\"elementor-widget-wrap\">\n\t\t\t\t\t\t\t<\/div>\n\t\t<\/div>\n\t\t\t\t\t<\/div>\n\t\t<\/section>\n\t\t\t\t<section class=\"elementor-section elementor-top-section elementor-element elementor-element-f00b502 elementor-section-boxed elementor-section-height-default elementor-section-height-default\" data-id=\"f00b502\" data-element_type=\"section\" data-e-type=\"section\">\n\t\t\t\t\t\t<div class=\"elementor-container elementor-column-gap-default\">\n\t\t\t\t\t<div class=\"elementor-column elementor-col-100 elementor-top-column elementor-element elementor-element-7f301d5\" data-id=\"7f301d5\" data-element_type=\"column\" data-e-type=\"column\">\n\t\t\t<div class=\"elementor-widget-wrap elementor-element-populated\">\n\t\t\t\t\t\t<div class=\"elementor-element elementor-element-18e3a26 elementor-widget elementor-widget-text-editor\" data-id=\"18e3a26\" data-element_type=\"widget\" data-e-type=\"widget\" data-widget_type=\"text-editor.default\">\n\t\t\t\t<div class=\"elementor-widget-container\">\n\t\t\t\t\t\t\t\t\t<h2 style=\"text-align: center;\">Dyrektorzy szko\u0142y na przestrzeni lat<\/h2><p style=\"text-align: center;\"><strong><span style=\"color: #000000;\">mgr Gra\u017cyna \u015awierczy\u0144ska<\/span><\/strong><br \/><span style=\"color: #000000;\">Absolwentka Uniwersytetu \u015al\u0105skiego.<\/span><br \/><span style=\"color: #000000;\">Dyrektor od wrze\u015bnia 2017 do sierpnia 2021<\/span><\/p><p style=\"text-align: center;\"><strong><span style=\"color: #000000;\">mgr Iwona Hrycyna-Mutz<\/span><\/strong><br \/><span style=\"color: #000000;\">Absolwentka Uniwersytetu \u015al\u0105skiego.<\/span><br \/><span style=\"color: #000000;\">Dyrektor w latach 2008 &#8211; 2017<\/span><\/p><p style=\"text-align: center;\"><strong><span style=\"color: #000000;\">mgr El\u017cbieta Ciepli\u0144ska<\/span><\/strong><br \/><span style=\"color: #000000;\">Absolwentka Uniwersytetu \u015al\u0105skiego.<\/span><br \/><span style=\"color: #000000;\">Dyrektor w latach 1998 &#8211; 2007<\/span><\/p><p style=\"text-align: center;\"><strong><span style=\"color: #000000;\">mgr Marek Kolano<\/span><\/strong><br \/><span style=\"color: #000000;\">Absolwent Uniwersytetu \u015al\u0105skiego.<\/span><br \/><span style=\"color: #000000;\">Dyrektor w latach 1993 \u2013 1998<\/span><\/p><p style=\"text-align: center;\"><strong><span style=\"color: #000000;\">mgr Ma\u0142gorzata Ploch<\/span><\/strong><br \/><span style=\"color: #000000;\">Absolwentka WSP<\/span><br \/><span style=\"color: #000000;\">&#8211; wydzia\u0142 Filologia Polska w Opolu.<\/span><br \/><span style=\"color: #000000;\">Dyrektor w latach 1986 \u2013 1993<\/span><\/p><p style=\"text-align: center;\"><strong><span style=\"color: #000000;\">mgr Barbara Wywia\u0142<\/span><\/strong><br \/><span style=\"color: #000000;\">Absolwentka Wy\u017cszej Szko\u0142y Zawodowej \u2013 wydzia\u0142 pedagogiczny.<\/span><br \/><span style=\"color: #000000;\">Dyrektor w latach 1978 \u2013 1986<\/span><\/p><p style=\"text-align: center;\"><strong><span style=\"color: #000000;\">Marian St\u0119pie\u0144<\/span><\/strong><br \/><span style=\"color: #000000;\">Kierownik Szko\u0142y Podstawowej<\/span><br \/><span style=\"color: #000000;\">Nr 11 w latach 1959-1978.<\/span><br \/><span style=\"color: #000000;\">Dzia\u0142acz spo\u0142eczny i samorz\u0105dowy. Inicjator powstania Komitetu Obwodowego Samorz\u0105du Mieszka\u0144c\u00f3w w Ligocie Zabrskiej.<\/span><br \/><span style=\"color: #000000;\">Z jego inicjatywy wykonano du\u017cym nak\u0142adem generalny remont szko\u0142y. Za dobre wyniki w dzia\u0142alno\u015bci pedagogicznej szko\u0142a otrzyma\u0142a sztandar.<\/span><\/p><p style=\"text-align: center;\"><strong><span style=\"color: #000000;\">Jan \u017bwiryk<\/span><\/strong><br \/><span style=\"color: #000000;\">Kierownik Publicznej Szko\u0142y Powszechnej w latach 1957-1959<\/span><\/p><p style=\"text-align: center;\"><strong><span style=\"color: #000000;\">Adam \u015awi\u0119ch <\/span><\/strong><br \/><span style=\"color: #000000;\">Kierownik Publicznej Szko\u0142y Powszechnej w latach 1955-1957<\/span><\/p><p style=\"text-align: center;\"><strong><span style=\"color: #000000;\">Jan Guzik <\/span><\/strong><br \/><span style=\"color: #000000;\">Kierownik Publicznej Szko\u0142y Powszechnej w latach 1946-1955 Dzia\u0142acz polityczny i spo\u0142eczny Przejmowa\u0142 administracje szko\u0142y w marcu 1945 r. z r\u0105k sowieckich.<\/span><\/p><p style=\"text-align: center;\"><strong><span style=\"color: #000000;\">Leon Krawieczek <\/span><\/strong><br \/><span style=\"color: #000000;\">Tymczasowy Kierownik Publicznej Szko\u0142y Powszechnej Nr 11 w okresie od 29 marca 1945 do 10 lipca 1946 r.<\/span><\/p><p style=\"text-align: center;\"><strong><span style=\"color: #000000;\">A. Wollnitza <\/span><\/strong><br \/><span style=\"color: #000000;\">Kierownik Szko\u0142y Powszechnej w latach 1940-1945<\/span><\/p><p style=\"text-align: center;\"><strong><span style=\"color: #000000;\">H. Grenss <\/span><\/strong><br \/><span style=\"color: #000000;\">Kierownik Katolickiej szko\u0142y Powszechnej 1935- 1939<\/span><\/p><p style=\"text-align: center;\"><strong><span style=\"color: #000000;\">Georg Dombrowski <\/span><\/strong><br \/><span style=\"color: #000000;\">Kierownik Katolickiej Szko\u0142y Powszechnej w latach 1930 \u2013 1934. By\u0142 pierwszym kierownikiem w nowo wybudowanej szkole. Dzia\u0142acz spo\u0142eczny i kulturalny.<\/span><\/p><p style=\"text-align: center;\"><strong><span style=\"color: #000000;\">A. Hickel <\/span><\/strong><br \/><span style=\"color: #000000;\">Pierwszy Kierownik Katolickiej Szko\u0142y Powszechnej w latach 1872 \u2013 1930.<\/span><br \/><span style=\"color: #000000;\">Otwarcie szko\u0142y na terenie Ligoty Zabrskiej otworzy\u0142o mo\u017cliwo\u015bci edukacyjne gminie.<\/span><\/p>\t\t\t\t\t\t\t\t<\/div>\n\t\t\t\t<\/div>\n\t\t\t\t\t<\/div>\n\t\t<\/div>\n\t\t\t\t\t<\/div>\n\t\t<\/section>\n\t\t\t\t<section class=\"elementor-section elementor-top-section elementor-element elementor-element-d132d53 elementor-section-boxed elementor-section-height-default elementor-section-height-default\" data-id=\"d132d53\" data-element_type=\"section\" data-e-type=\"section\">\n\t\t\t\t\t\t<div class=\"elementor-container elementor-column-gap-default\">\n\t\t\t\t\t<div class=\"elementor-column elementor-col-33 elementor-top-column elementor-element elementor-element-962c347\" data-id=\"962c347\" data-element_type=\"column\" data-e-type=\"column\">\n\t\t\t<div class=\"elementor-widget-wrap elementor-element-populated\">\n\t\t\t\t\t\t<div class=\"elementor-element elementor-element-28aa70d elementor-widget elementor-widget-button\" data-id=\"28aa70d\" data-element_type=\"widget\" data-e-type=\"widget\" data-widget_type=\"button.default\">\n\t\t\t\t<div class=\"elementor-widget-container\">\n\t\t\t\t\t\t\t\t\t<div class=\"elementor-button-wrapper\">\n\t\t\t\t\t<a class=\"elementor-button elementor-button-link elementor-size-sm\" href=\"https:\/\/www.sp11.gliwice.pl\/?page_id=148\">\n\t\t\t\t\t\t<span class=\"elementor-button-content-wrapper\">\n\t\t\t\t\t\t\t\t\t<span class=\"elementor-button-text\">Powr\u00f3t<\/span>\n\t\t\t\t\t<\/span>\n\t\t\t\t\t<\/a>\n\t\t\t\t<\/div>\n\t\t\t\t\t\t\t\t<\/div>\n\t\t\t\t<\/div>\n\t\t\t\t\t<\/div>\n\t\t<\/div>\n\t\t\t\t<div class=\"elementor-column elementor-col-33 elementor-top-column elementor-element elementor-element-64cdeb0\" data-id=\"64cdeb0\" data-element_type=\"column\" data-e-type=\"column\">\n\t\t\t<div class=\"elementor-widget-wrap\">\n\t\t\t\t\t\t\t<\/div>\n\t\t<\/div>\n\t\t\t\t<div class=\"elementor-column elementor-col-33 elementor-top-column elementor-element elementor-element-101d753\" data-id=\"101d753\" data-element_type=\"column\" data-e-type=\"column\">\n\t\t\t<div class=\"elementor-widget-wrap\">\n\t\t\t\t\t\t\t<\/div>\n\t\t<\/div>\n\t\t\t\t\t<\/div>\n\t\t<\/section>\n\t\t\t\t<\/div>\n\t\t","protected":false},"excerpt":{"rendered":"<p>Wojciech Kijewski Dyrektor SP nr 11 w Gliwicach Dyrektorzy szko\u0142y na przestrzeni lat mgr Gra\u017cyna \u015awierczy\u0144skaAbsolwentka Uniwersytetu \u015al\u0105skiego.Dyrektor od wrze\u015bnia 2017 do sierpnia 2021 mgr [&hellip;]<\/p>\n","protected":false},"author":2,"featured_media":0,"parent":0,"menu_order":0,"comment_status":"closed","ping_status":"closed","template":"","meta":{"ngg_post_thumbnail":0,"footnotes":""},"class_list":["post-140","page","type-page","status-publish","hentry"],"_links":{"self":[{"href":"https:\/\/www.sp11.gliwice.pl\/index.php?rest_route=\/wp\/v2\/pages\/140","targetHints":{"allow":["GET"]}}],"collection":[{"href":"https:\/\/www.sp11.gliwice.pl\/index.php?rest_route=\/wp\/v2\/pages"}],"about":[{"href":"https:\/\/www.sp11.gliwice.pl\/index.php?rest_route=\/wp\/v2\/types\/page"}],"author":[{"embeddable":true,"href":"https:\/\/www.sp11.gliwice.pl\/index.php?rest_route=\/wp\/v2\/users\/2"}],"replies":[{"embeddable":true,"href":"https:\/\/www.sp11.gliwice.pl\/index.php?rest_route=%2Fwp%2Fv2%2Fcomments&post=140"}],"version-history":[{"count":44,"href":"https:\/\/www.sp11.gliwice.pl\/index.php?rest_route=\/wp\/v2\/pages\/140\/revisions"}],"predecessor-version":[{"id":929,"href":"https:\/\/www.sp11.gliwice.pl\/index.php?rest_route=\/wp\/v2\/pages\/140\/revisions\/929"}],"wp:attachment":[{"href":"https:\/\/www.sp11.gliwice.pl\/index.php?rest_route=%2Fwp%2Fv2%2Fmedia&parent=140"}],"curies":[{"name":"wp","href":"https:\/\/api.w.org\/{rel}","templated":true}]}}