{"id":114,"date":"2021-09-02T14:58:59","date_gmt":"2021-09-02T12:58:59","guid":{"rendered":"https:\/\/www.sp11.gliwice.pl\/new\/?page_id=114"},"modified":"2021-09-14T12:36:07","modified_gmt":"2021-09-14T10:36:07","slug":"historia","status":"publish","type":"page","link":"https:\/\/www.sp11.gliwice.pl\/?page_id=114","title":{"rendered":"Historia"},"content":{"rendered":"<div class=\"entry-content\">\n<h2 style=\"text-align: center;\"><span style=\"color: #000000;\">KALENDARIUM WYDARZE\u0143 W \u017bYCIU SZKO\u0141Y<\/span><\/h2>\n<p><span style=\"color: #000000;\">1872 \u2013 Powstaje Katolicka Szko\u0142a Powszechna Oddano tak\u017ce dom przy szkole dla nauczycieli ucz\u0105cych w plac\u00f3wce.<\/span><\/p>\n<p><span style=\"color: #000000;\">1930 \u2013 Oddano do u\u017cytku now\u0105 7 klasow\u0105 Katolick\u0105 Szko\u0142\u0119 Powszechn\u0105 i sal\u0119 gimnastyczn\u0105.. Do dyspozycji nauczycieli przekazano ogr\u00f3d warzywny i sad owocowy.<\/span><\/p>\n<p><span style=\"color: #000000;\">1945 \u2013 Reaktywowano nauczanie po II wojnie \u015bwiatowej.<\/span><br \/>\n<span style=\"color: #000000;\">Otwarto Publiczn\u0105 Szko\u0142\u0119 Powszechn\u0105 Nr 11 \u2013 tymczasowym kierownikiem plac\u00f3wki zostaje Leon Krawieczek. <\/span><span style=\"color: #000000;\">Rozpoczyna si\u0119 remont po zniszczeniach wojennych.<\/span><\/p>\n<p><span style=\"color: #000000;\">1946 \u2013 Kierownikiem szko\u0142y zostaje mianowany Jan Guzik \u2013 dzia\u0142acz spo\u0142eczny i kulturalny. Trwa organizacja nauczania.<\/span><\/p>\n<p><span style=\"color: #000000;\">1947 \u2013 Uruchomiono Przedszkole Nr 11. Zorganizowano Sp\u00f3\u0142dzielni\u0119 Uczniowsk\u0105, w kt\u00f3rej prowadzono dwa dzia\u0142y: <\/span><span style=\"color: #000000;\">sklepik z materia\u0142ami pi\u015bmienniczymi oraz skup i sprzeda\u017c sk\u00f3rek kr\u00f3liczych.<\/span><\/p>\n<p><span style=\"color: #000000;\">1949 \u2013 Powstaje Komitet Opieku\u0144czy Szko\u0142y Nr 11, tworz\u0105 go: Gliwickie Zak\u0142ady Chemiczne \u201eCarbochem\u201d i Kopalnia \u201eSo\u015bnica\u201d<\/span><\/p>\n<p><span style=\"color: #000000;\">1955 \u2013 Kierownictwo szko\u0142y przejmuje Adam \u015awi\u0119ch<\/span><\/p>\n<p><span style=\"color: #000000;\">1957 \u2013 Kierownikiem szko\u0142y mianowany zostaje Jan \u017bwiryk<\/span><\/p>\n<p><span style=\"color: #000000;\">1959 \u2013 Kierownictwo szko\u0142y obejmuje Marian St\u0119pie\u0144<\/span><\/p>\n<p><span style=\"color: #000000;\">1962 \u2013 Otwarcie pracowni fizyko-chemicznej i rob\u00f3t r\u0119cznych<\/span><\/p>\n<p><span style=\"color: #000000;\">1963 \u2013 Modernizacja centralnego ogrzewania i remont kot\u0142owni<\/span><\/p>\n<p><span style=\"color: #000000;\">1966 \u2013 Powstaje dru\u017cyna harcerska i zuchowa. Uroczyste przyrzeczenie.<\/span><\/p>\n<p><span style=\"color: #000000;\">1971-73 \u2013 Generalny remont szko\u0142y. W efekcie, kt\u00f3rego uzyskano dodatkowo: 4 izby lekcyjne, pracowni\u0119 zaj\u0119\u0107 praktyczno-technicznych, poczekalni\u0119 na niepogod\u0119, aul\u0119 szkoln\u0105 i harc\u00f3wk\u0119. Nast\u0105pi\u0142o wyburzenie mur\u00f3w starej szko\u0142y.<\/span><\/p>\n<p><span style=\"color: #000000;\">1973 \u2013 Szko\u0142a Podstawowa Nr 11 otrzymuje imi\u0119 Hugona Ko\u0142\u0142\u0105taja i dostaje ufundowany przez zak\u0142ad patronacki sztandar. Z tej okazji wmurowano tablic\u0119 pami\u0105tkow\u0105.<\/span><\/p>\n<p><span style=\"color: #000000;\">1978 \u2013 Rok reform w szkolnictwie podstawowym. Dyrektorem szko\u0142y zostaje mianowana mgr Barbara Wywio\u0142.<\/span><\/p>\n<p><span style=\"color: #000000;\">1981 \u2013 Powstaje Szkolny Klub Sportowy. Opiekunem i za\u0142o\u017cycielem jest mgr Antoni Markowski.<\/span><\/p>\n<p><span style=\"color: #000000;\">1984 \u2013 Otwarcie Szkolnej Izby Pami\u0119ci Narodowej. <\/span><span style=\"color: #000000;\">Utworzono G\u00f3rnicz\u0105 Izb\u0119 Tradycji.<\/span><\/p>\n<p><span style=\"color: #000000;\">1986 \u2013 Dyrektorem szko\u0142y zostaje mianowana mgr Ma\u0142gorzata Ploch<\/span><\/p>\n<p><span style=\"color: #000000;\">1993 \u2013 Dyrektorem szko\u0142y wy\u0142onionym w drodze konkursu zostaje <\/span><span style=\"color: #000000;\">mgr Marek Kolano. <\/span><span style=\"color: #000000;\">Powstaje zesp\u00f3\u0142 wokalny \u201eKamerton\u201d, kt\u00f3rego za\u0142o\u017cycielem i opiekunem jest pedagog mgr Beata Bodnar<\/span><\/p>\n<p><span style=\"color: #000000;\">1995 \u2013 Zaczyna ukazywa\u0107 si\u0119 szkolna gazetka uczniowska \u201eLigotka\u201d<\/span><\/p>\n<p><span style=\"color: #000000;\">1998 \u2013 W drodze konkursu wy\u0142oniono nowego dyrektora szko\u0142y, <\/span><span style=\"color: #000000;\">jest nim mgr El\u017cbieta Ciepli\u0144ska<\/span><\/p>\n<p><span style=\"color: #000000;\">1999 \u2013 Pocz\u0105tek reform w szkolnictwie. <\/span><span style=\"color: #000000;\">Przy szkole powstaje Gimnazjum Nr 16<\/span><\/p>\n<p><span style=\"color: #000000;\">2000 \u2013 Po likwidacji Przedszkola Miejskiego Nr 11 w szkole powstaj\u0105 dwa oddzia\u0142y przedszkolne i sto\u0142\u00f3wka.<\/span><\/p>\n<p><span style=\"color: #000000;\">2001 \u2013 Likwidacja Gimnazjum Nr 16, uczniowie doje\u017cd\u017caj\u0105 do ZSO <\/span><span style=\"color: #000000;\">Nr 10 przy ul. Zimnej Wody 8<\/span><\/p>\n<p><span style=\"color: #000000;\">2003 \u2013 Ponownie konkurs na stanowisko dyrektora SP11 wygrywa mgr El\u017cbieta Ciepli\u0144ska. <\/span><span style=\"color: #000000;\">Jubileusz 10 lecia muzycznej dzia\u0142alno\u015bci zespo\u0142u \u201eKamerton\u201d. Koncert Galowy<\/span><\/p>\n<p><span style=\"color: #000000;\">2004 \u2013 W szkole odbywa si\u0119 koncert poezji \u015bpiewanej w wykonaniu zaproszonego zespo\u0142u Bez C\u0142a<\/span><\/p>\n<p><span style=\"color: #000000;\">2005 \u2013 Jase\u0142ka \u201ePuste miejsce przy stole\u201d autorstwa mgr Krzysztofa Polaneckiego w wykonaniu uczni\u00f3w naszej szko\u0142y zdobywaj\u0105 I miejsce w Konkursie Inscenizacji Bo\u017conarodzeniowych.<\/span><\/p>\n<p><span style=\"color: #000000;\">2007 \u2013 W szkole trwaj\u0105 remonty: sali gimnastycznej, sanitariat\u00f3w, boisk, drena\u017cu budynku.<\/span><\/p>\n<p><span style=\"color: #000000;\">2007 \u2013 W szkole odbywa si\u0119 recital wroc\u0142awskiego artysty, poety, redaktora Radia Wroc\u0142aw Leszka Kopcia. <\/span><span style=\"color: #000000;\">Szko\u0142a go\u015bci wroc\u0142awski zesp\u00f3\u0142 Do Czasu \u2013 pocz\u0105tek wsp\u00f3\u0142pracy z O\u015brodkiem Dzieci Niewidomych i Niedowidz\u0105cych<\/span><\/p>\n<p><span style=\"color: #000000;\">2007 \u2013 Dyrektor mgr El\u017cbieta Ciepli\u0144ska odchodzi na emerytur\u0119. <\/span><span style=\"color: #000000;\">W drodze konkursu wy\u0142oniono nowego dyrektora. Zostaje nim mgr Iwona Hrycyna-Mutz.<\/span><\/p>\n<p><span style=\"color: #000000;\">2016 \u2013 Szko\u0142a zostaje poddana modernizacji \u2013 zyskuje pi\u0119kny wygl\u0105d i nowe boiska sportowe.<\/span><\/p>\n<p><span style=\"color: #000000;\">2017 \u2013 W drodze konkursu wy\u0142oniono nowego dyrektora szko\u0142y, jest nim mgr Gra\u017cyna \u015awierczy\u0144ska.<\/span><\/p>\n<p><span style=\"color: #000000;\">2021 &#8211; W drodze konkursu wy\u0142oniono nowego dyrektora szko\u0142y, zostaje nim&nbsp; in\u017c. Wojciech Kijewski<\/span><\/p>\n<\/div>\n","protected":false},"excerpt":{"rendered":"<p>KALENDARIUM WYDARZE\u0143 W \u017bYCIU SZKO\u0141Y 1872 \u2013 Powstaje Katolicka Szko\u0142a Powszechna Oddano tak\u017ce dom przy szkole dla nauczycieli ucz\u0105cych w plac\u00f3wce. 1930 \u2013 Oddano do [&hellip;]<\/p>\n","protected":false},"author":2,"featured_media":29,"parent":0,"menu_order":0,"comment_status":"closed","ping_status":"closed","template":"elementor_theme","meta":{"ngg_post_thumbnail":0,"footnotes":""},"class_list":["post-114","page","type-page","status-publish","has-post-thumbnail","hentry"],"_links":{"self":[{"href":"https:\/\/www.sp11.gliwice.pl\/index.php?rest_route=\/wp\/v2\/pages\/114","targetHints":{"allow":["GET"]}}],"collection":[{"href":"https:\/\/www.sp11.gliwice.pl\/index.php?rest_route=\/wp\/v2\/pages"}],"about":[{"href":"https:\/\/www.sp11.gliwice.pl\/index.php?rest_route=\/wp\/v2\/types\/page"}],"author":[{"embeddable":true,"href":"https:\/\/www.sp11.gliwice.pl\/index.php?rest_route=\/wp\/v2\/users\/2"}],"replies":[{"embeddable":true,"href":"https:\/\/www.sp11.gliwice.pl\/index.php?rest_route=%2Fwp%2Fv2%2Fcomments&post=114"}],"version-history":[{"count":6,"href":"https:\/\/www.sp11.gliwice.pl\/index.php?rest_route=\/wp\/v2\/pages\/114\/revisions"}],"predecessor-version":[{"id":797,"href":"https:\/\/www.sp11.gliwice.pl\/index.php?rest_route=\/wp\/v2\/pages\/114\/revisions\/797"}],"wp:featuredmedia":[{"embeddable":true,"href":"https:\/\/www.sp11.gliwice.pl\/index.php?rest_route=\/wp\/v2\/media\/29"}],"wp:attachment":[{"href":"https:\/\/www.sp11.gliwice.pl\/index.php?rest_route=%2Fwp%2Fv2%2Fmedia&parent=114"}],"curies":[{"name":"wp","href":"https:\/\/api.w.org\/{rel}","templated":true}]}}