{"id":1099,"date":"2021-09-21T09:37:33","date_gmt":"2021-09-21T07:37:33","guid":{"rendered":"https:\/\/www.sp11.gliwice.pl\/?page_id=1099"},"modified":"2022-10-23T21:10:43","modified_gmt":"2022-10-23T19:10:43","slug":"klub-pilkarza","status":"publish","type":"page","link":"https:\/\/www.sp11.gliwice.pl\/?page_id=1099","title":{"rendered":"Klub Pi\u0142karza"},"content":{"rendered":"<h3>Uczestnik Igrzysk Olimpijskich w Klubie Pi\u0142karza &#8211; Pan Bronis\u0142aw Wo\u0142kowicz &#8211; zapraszamy do <a href=\"https:\/\/www.sp11.gliwice.pl\/?p=5213\" target=\"_blank\" rel=\"noopener\">galerii szkolnej \ud83d\ude42<\/a><\/h3>\n<h3>&#8212;&#8212;&#8212;&#8212;&#8212;&#8212;&#8212;&#8212;&#8212;&#8212;&#8212;&#8212;&#8212;&#8212;&#8212;&#8212;&#8212;&#8212;&#8212;&#8212;&#8212;&#8212;&#8212;&#8212;&#8212;&#8212;-<\/h3>\n<h3>Operowo w Klubie Pi\u0142karza &#8211; go\u015bcili\u015bmy tenora, by\u0142ego pi\u0142karza, pasjonata pi\u0142ki no\u017cnej &#8211; Pana&nbsp; Adama Sobierajskiego &#8211; zapraszamy do <a href=\"https:\/\/www.sp11.gliwice.pl\/?p=5097\" target=\"_blank\" rel=\"noopener\">galerii szkolnej \ud83d\ude42<\/a><\/h3>\n<h3>&#8212;&#8212;&#8212;&#8212;&#8212;&#8212;&#8212;&#8212;&#8212;&#8212;&#8212;&#8212;&#8212;&#8212;&#8212;&#8212;&#8212;&#8212;&#8212;&#8212;&#8212;&#8212;&#8212;&#8212;&#8212;&#8212;-<\/h3>\n<h3>Legenda gliwickiej pi\u0142ki w Klubie Pi\u0142karza &#8211; Jaros\u0142aw Kaszowski &#8211; zapraszamy do <a href=\"https:\/\/www.sp11.gliwice.pl\/?p=5013\" target=\"_blank\" rel=\"noopener\">galerii szkolnej \ud83d\ude42<\/a><\/h3>\n<h3>&#8212;&#8212;&#8212;&#8212;&#8212;&#8212;&#8212;&#8212;&#8212;&#8212;&#8212;&#8212;&#8212;&#8212;&#8212;&#8212;&#8212;&#8212;&#8212;&#8212;&#8212;&#8212;&#8212;&#8212;&#8212;&#8212;-<\/h3>\n<h3>Klub Pi\u0142karza go\u015bci\u0142 &#8211; Dyrektora sportowego Piast Gliwice- Futsal Pana Rafa\u0142a Franza oraz trenera bramkarzy Pana \u0141ukasza Groszaka-Zaniewskiego &#8211; zapraszamy do <a href=\"https:\/\/www.sp11.gliwice.pl\/?p=4131\" target=\"_blank\" rel=\"noopener\">galerii szkolnej \ud83d\ude42<\/a><\/h3>\n<h3>&#8212;&#8212;&#8212;&#8212;&#8212;&#8212;&#8212;&#8212;&#8212;&#8212;&#8212;&#8212;&#8212;&#8212;&#8212;&#8212;&#8212;&#8212;&#8212;&#8212;&#8212;&#8212;&#8212;&#8212;&#8212;&#8212;-<\/h3>\n<h3>Klub Pi\u0142karza odwiedzi\u0142a Pani Aneta Kowalska &#8211; s\u0119dzia pi\u0142karski &#8211; zapraszamy do <a href=\"https:\/\/www.sp11.gliwice.pl\/?p=3990\" target=\"_blank\" rel=\"noopener\">galerii szkolnej \ud83d\ude42<\/a><\/h3>\n<h3>&#8212;&#8212;&#8212;&#8212;&#8212;&#8212;&#8212;&#8212;&#8212;&#8212;&#8212;&#8212;&#8212;&#8212;&#8212;&#8212;&#8212;&#8212;&#8212;&#8212;&#8212;&#8212;&#8212;&#8212;&#8212;&#8212;-<\/h3>\n<h3>Tomasz Kulczycki &#8211; wiceprezes Podokr\u0119gu Zabrze \u015al\u0105skiego Zwi\u0105zku Pi\u0142ki No\u017cnej oraz wiceprzewodnicz\u0105cy Komisji Polskiego Zwi\u0105zku Pi\u0142ki No\u017cnej ds. Wsp\u00f3\u0142pracy z Samorz\u0105dem Terytorialnym w Klubie Pi\u0142karza &#8211; zapraszamy do <a href=\"https:\/\/www.sp11.gliwice.pl\/?p=3687\" target=\"_blank\" rel=\"noopener\">galerii szkolnej \ud83d\ude42<\/a><\/h3>\n<h3>&#8212;&#8212;&#8212;&#8212;&#8212;&#8212;&#8212;&#8212;&#8212;&#8212;&#8212;&#8212;&#8212;&#8212;&#8212;&#8212;&#8212;&#8212;&#8212;&#8212;&#8212;&#8212;&#8212;&#8212;&#8212;&#8212;-<\/h3>\n<h3>Ojciec i Syn w Klubie Pi\u0142karza &#8211; Janusz i Mateusz Bodzioch &#8211; zapraszamy do <a href=\"https:\/\/www.sp11.gliwice.pl\/?p=3636\" target=\"_blank\" rel=\"noopener\">galerii szkolnej \ud83d\ude42<\/a><\/h3>\n<h3>&#8212;&#8212;&#8212;&#8212;&#8212;&#8212;&#8212;&#8212;&#8212;&#8212;&#8212;&#8212;&#8212;&#8212;&#8212;&#8212;&#8212;&#8212;&#8212;&#8212;&#8212;&#8212;&#8212;&#8212;&#8212;&#8212;-<\/h3>\n<h3>Tomasz Czok &#8211; Znakomity futsalista, dzi\u015b prezes GSF Gliwice i ,,Kopalni Talent\u00f3w So\u015bnica Gliwice\u201d, trener i wychowawca m\u0142odzie\u017cy w Klubie Pi\u0142karza &#8211; zapraszamy do <a href=\"https:\/\/www.sp11.gliwice.pl\/?p=3281\" target=\"_blank\" rel=\"noopener\">galerii szkolnej \ud83d\ude42<\/a><\/h3>\n<h3>&#8212;&#8212;&#8212;&#8212;&#8212;&#8212;&#8212;&#8212;&#8212;&#8212;&#8212;&#8212;&#8212;&#8212;&#8212;&#8212;&#8212;&#8212;&#8212;&#8212;&#8212;&#8212;&#8212;&#8212;&#8212;&#8212;-<\/h3>\n<h3>Doskonale znany w Gliwicach- siedmiokrotny mistrz Polski, wielokrotny reprezentant naszego kraju \u2013 Rafa\u0142 Franz \u2013 dyrektor sportowy futsalowej dru\u017cyny Piasta Gliwice, cz\u0142onek Komisji Futsalu i Pi\u0142ki Pla\u017cowej PZPN w Klubie Pi\u0142karza &#8211; zapraszamy do <a href=\"https:\/\/www.sp11.gliwice.pl\/?p=3188\" target=\"_blank\" rel=\"noopener\">galerii szkolnej \ud83d\ude42<\/a><\/h3>\n<h3>&#8212;&#8212;&#8212;&#8212;&#8212;&#8212;&#8212;&#8212;&#8212;&#8212;&#8212;&#8212;&#8212;&#8212;&#8212;&#8212;&#8212;&#8212;&#8212;&#8212;&#8212;&#8212;&#8212;&#8212;&#8212;&#8212;-<\/h3>\n<h3>&#8222;Kuloodporni&#8221; w Klubie Pi\u0142karza &#8211; zapraszamy do <a href=\"https:\/\/www.sp11.gliwice.pl\/?p=2899\">galerii szkolnej&nbsp; \ud83d\ude42<\/a><\/h3>\n<h3>&#8212;&#8212;&#8212;&#8212;&#8212;&#8212;&#8212;&#8212;&#8212;&#8212;&#8212;&#8212;&#8212;&#8212;&#8212;&#8212;&#8212;&#8212;&#8212;&#8212;&#8212;&#8212;&#8212;&#8212;&#8212;&#8212;-<\/h3>\n<h3>Wyj\u0105tkowy go\u015b\u0107 w Klubie Pi\u0142karza &#8211; zapraszamy do <a href=\"https:\/\/www.sp11.gliwice.pl\/?p=2784\">galerii szkolnej&nbsp; \ud83d\ude42<\/a><\/h3>\n<h3>&#8212;&#8212;&#8212;&#8212;&#8212;&#8212;&#8212;&#8212;&#8212;&#8212;&#8212;&#8212;&#8212;&#8212;&#8212;&#8212;&#8212;&#8212;&#8212;&#8212;&#8212;&#8212;&#8212;&#8212;&#8212;&#8212;-<\/h3>\n<h3>Kolejny go\u015b\u0107 w Klubie Pi\u0142karza &#8211; zapraszamy do <a href=\"https:\/\/www.sp11.gliwice.pl\/?p=2129\">galerii szkolnej&nbsp; \ud83d\ude42<\/a><\/h3>\n<h3>&#8212;&#8212;&#8212;&#8212;&#8212;&#8212;&#8212;&#8212;&#8212;&#8212;&#8212;&#8212;&#8212;&#8212;&#8212;&#8212;&#8212;&#8212;&#8212;&#8212;&#8212;&#8212;&#8212;&#8212;&#8212;&#8212;-<\/h3>\n<h3>Telewizja Imperium o Klubie Pi\u0142karza &#8211; <a href=\"https:\/\/l.facebook.com\/l.php?u=https%3A%2F%2Fwww.imperiummedia.pl%2Findex.php%2F2021%2F11%2F10%2Fwojciech-kijewski-reaktywowal-klub-pilkarza-w-ligocie-zabrskiej-video-z-otwarcia%3Ffbclid%3DIwAR0fhenDMIkIx38eD3IX3nZ_-2vNYD-vmA2EbZF_7tFsWv7PzwYSsIJ3l10&amp;h=AT3PvQPFguIQCghUK0G0ytIBdJmCET5xppeI9e0BJSotHr9FsS5QDV48FHKpFtpK9zSplkShhyVghVlJNXC37Ro4uTROYjTYNfHcU53sBufESjexYsHDyWNKuRNEsbT9L9eo8g\">polecamy reporta\u017c<\/a> \ud83d\ude42<\/h3>\n<h3>_____________________________________________________<\/h3>\n<h3>Klub Pi\u0142karza odwiedzili pierwsi go\u015bcie &#8211; zapraszamy do <a href=\"https:\/\/www.sp11.gliwice.pl\/?p=1991\">galerii szkolnej&nbsp; \ud83d\ude42<\/a><\/h3>\n<p><span style=\"color: #000000;\"><span style=\"color: #ff9900;\">_______________________________________________________________________________________<\/span><\/span><\/p>\n<p>&nbsp;<\/p>\n<h3>Uroczyste otwarcie Klubu Pi\u0142karza &#8211; zapraszamy na <a href=\"https:\/\/l.facebook.com\/l.php?u=http%3A%2F%2Fpiast.gliwice.pl%2F2021%2F11%2F03%2Fwojciech-kijewski-reaktywowal-klub-pilkarza-zdjecia%2F%3Ffbclid%3DIwAR0r7TGYRpNRhU6X1yc43z0drDbwYZUJJYaaJsm62ynvdgRnnxnJxZ2n5DQ&amp;h=AT2Xe7kKjVZriSxVswvo3RYJsEdbykX-4t7LPMKJIrmoCx1agMCoeVIZIe7Pv9g_r7S1iKpT_4d5LAMrv3xzTjCVg42BjG_SyxJXMylWp9mXsb0lWl56xK23c-2bNCQvFnvmCA\"><span style=\"color: #000000;\"><span style=\"color: #ff9900;\"> stron\u0119 Klubu Sportowego Piasta.<\/span><\/span><\/a><\/h3>\n<p>_______________________________________________________________________________________<\/p>\n<h3 style=\"text-align: center;\">Pracujemy intensywnie, aby ju\u017c nied\u0142ugo powita\u0107 go\u015bci<br \/>\nw Klubie Pi\u0142karza w SP nr 11<\/h3>\n<p>ngg_shortcode_0_placeholder<a role=\"button\" href=\"https:\/\/www.sp11.gliwice.pl\/?page_id=823\"><br \/>\nPowr\u00f3t<br \/>\n<\/a><\/p>\n","protected":false},"excerpt":{"rendered":"<p>Uczestnik Igrzysk Olimpijskich w Klubie Pi\u0142karza &#8211; Pan Bronis\u0142aw Wo\u0142kowicz &#8211; zapraszamy do galerii szkolnej \ud83d\ude42 &#8212;&#8212;&#8212;&#8212;&#8212;&#8212;&#8212;&#8212;&#8212;&#8212;&#8212;&#8212;&#8212;&#8212;&#8212;&#8212;&#8212;&#8212;&#8212;&#8212;&#8212;&#8212;&#8212;&#8212;&#8212;&#8212;- Operowo w Klubie Pi\u0142karza &#8211; go\u015bcili\u015bmy tenora, by\u0142ego [&hellip;]<\/p>\n","protected":false},"author":2,"featured_media":0,"parent":0,"menu_order":0,"comment_status":"closed","ping_status":"closed","template":"","meta":{"ngg_post_thumbnail":0,"footnotes":""},"class_list":["post-1099","page","type-page","status-publish","hentry"],"_links":{"self":[{"href":"https:\/\/www.sp11.gliwice.pl\/index.php?rest_route=\/wp\/v2\/pages\/1099","targetHints":{"allow":["GET"]}}],"collection":[{"href":"https:\/\/www.sp11.gliwice.pl\/index.php?rest_route=\/wp\/v2\/pages"}],"about":[{"href":"https:\/\/www.sp11.gliwice.pl\/index.php?rest_route=\/wp\/v2\/types\/page"}],"author":[{"embeddable":true,"href":"https:\/\/www.sp11.gliwice.pl\/index.php?rest_route=\/wp\/v2\/users\/2"}],"replies":[{"embeddable":true,"href":"https:\/\/www.sp11.gliwice.pl\/index.php?rest_route=%2Fwp%2Fv2%2Fcomments&post=1099"}],"version-history":[{"count":24,"href":"https:\/\/www.sp11.gliwice.pl\/index.php?rest_route=\/wp\/v2\/pages\/1099\/revisions"}],"predecessor-version":[{"id":5601,"href":"https:\/\/www.sp11.gliwice.pl\/index.php?rest_route=\/wp\/v2\/pages\/1099\/revisions\/5601"}],"wp:attachment":[{"href":"https:\/\/www.sp11.gliwice.pl\/index.php?rest_route=%2Fwp%2Fv2%2Fmedia&parent=1099"}],"curies":[{"name":"wp","href":"https:\/\/api.w.org\/{rel}","templated":true}]}}